{"id":2129,"date":"2026-05-06T21:37:08","date_gmt":"2026-05-06T21:37:08","guid":{"rendered":"https:\/\/poke.com.arREMOTE_TARGET\/tienda\/jura-seven-wood-700-ml\/"},"modified":"2026-05-06T21:37:08","modified_gmt":"2026-05-06T21:37:08","slug":"jura-seven-wood-700-ml","status":"publish","type":"product","link":"https:\/\/poke.com.ar\/en\/product\/jura-seven-wood-700-ml\/","title":{"rendered":"Jura Seven Wood 700 ml"},"content":{"rendered":"<p>Jura Seven Wood ofrece un perfil de sabor rico y complejo, benefici\u00e1ndose de su maduraci\u00f3n en siete tipos de barricas diferentes: barricas de roble de primer llenado Bourbon, Limousin, Troncais, Allier, Vosges, Jupilles y Les Bertranges.Espere notas de frutos rojos, chocolate amargo y un toque de naranja, complementados con una dulzura cremosa y un toque especiado.En boca es suave y meloso, con una textura con mucho cuerpo y un final largo y c\u00e1lido que muestra su profundidad y equilibrio.Es un single malt sofisticado y sabroso, perfecto para saborear.<\/p>","protected":false},"excerpt":{"rendered":"<p>Jura Seven Wood es un distinguido whisky escoc\u00e9s de pura malta de la destiler\u00eda Isle of Jura que muestra el arte de la maduraci\u00f3n en varias barricas.Esta expresi\u00f3n se madura en siete tipos diferentes de barricas de roble: barricas de Bourbon de primer llenado y seis tipos diferentes de roble franc\u00e9s (Limousin, Troncais, Allier, Vosges, Jupilles y Les Bertranges).Este meticuloso proceso de envejecimiento imparte un perfil de sabor rico y complejo, con notas de frutos rojos, chocolate amargo, naranja, dulzura cremosa y un toque especiado.Jura Seven Wood es un testimonio del compromiso de la destiler\u00eda con la artesan\u00eda, y ofrece un single malt sabroso y con mucho cuerpo que es muy apreciado por los entusiastas del whisky.<\/p>","protected":false},"featured_media":2131,"template":"","meta":{"_gspb_post_css":"","_joinchat":[]},"product_brand":[],"product_cat":[135],"product_tag":[],"class_list":{"0":"post-2129","1":"product","2":"type-product","3":"status-publish","4":"has-post-thumbnail","6":"product_cat-single-malt","8":"first","9":"onbackorder","10":"shipping-taxable","11":"purchasable","12":"product-type-simple"},"supplier_id":398,"supplier_sku":"","barcode":null,"atum_controlled":true,"out_stock_date":null,"out_stock_threshold":null,"inheritable":false,"inbound_stock":null,"stock_on_hold":0,"sold_today":0,"sales_last_days":0,"reserved_stock":null,"customer_returns":null,"warehouse_damage":null,"lost_in_post":null,"other_logs":null,"out_stock_days":0,"lost_sales":0,"has_location":null,"update_date":"2026-05-09T09:14:44","atum_locations":[],"atum_stock_status":"onbackorder","restock_status":false,"low_stock_amount":"","sales_update_date":"2026-05-09T09:14:44","calc_backorders":0,"_links":{"self":[{"href":"https:\/\/poke.com.ar\/en\/wp-json\/wp\/v2\/product\/2129","targetHints":{"allow":["GET"]}}],"collection":[{"href":"https:\/\/poke.com.ar\/en\/wp-json\/wp\/v2\/product"}],"about":[{"href":"https:\/\/poke.com.ar\/en\/wp-json\/wp\/v2\/types\/product"}],"wp:featuredmedia":[{"embeddable":true,"href":"https:\/\/poke.com.ar\/en\/wp-json\/wp\/v2\/media\/2131"}],"wp:attachment":[{"href":"https:\/\/poke.com.ar\/en\/wp-json\/wp\/v2\/media?parent=2129"}],"wp:term":[{"taxonomy":"product_brand","embeddable":true,"href":"https:\/\/poke.com.ar\/en\/wp-json\/wp\/v2\/product_brand?post=2129"},{"taxonomy":"product_cat","embeddable":true,"href":"https:\/\/poke.com.ar\/en\/wp-json\/wp\/v2\/product_cat?post=2129"},{"taxonomy":"product_tag","embeddable":true,"href":"https:\/\/poke.com.ar\/en\/wp-json\/wp\/v2\/product_tag?post=2129"}],"curies":[{"name":"wp","href":"https:\/\/api.w.org\/{rel}","templated":true}]}}