{"id":2120,"date":"2026-05-06T21:35:56","date_gmt":"2026-05-06T21:35:56","guid":{"rendered":"https:\/\/poke.com.arREMOTE_TARGET\/tienda\/highland-park-spirit-of-the-bear-1-lt\/"},"modified":"2026-05-06T21:35:56","modified_gmt":"2026-05-06T21:35:56","slug":"highland-park-spirit-of-the-bear-1-lt","status":"publish","type":"product","link":"https:\/\/poke.com.ar\/en\/product\/highland-park-spirit-of-the-bear-1-lt\/","title":{"rendered":"Highland Park Spirit Of The Bear 1 lt"},"content":{"rendered":"<p>Highland Park Spirit Of The Bear ofrece un perfil de sabor rico y ahumado, caracter\u00edstico de los whiskies Highland Park.Espere notas de humo de turba, miel de brezo y un toque c\u00edtrico, complementados con una dulzura cremosa y un toque especiado.En boca es suave y meloso, con una textura con mucho cuerpo y un final largo y c\u00e1lido que muestra su profundidad y equilibrio.Es un single malt sofisticado y sabroso, perfecto para saborear.<\/p>","protected":false},"excerpt":{"rendered":"<p>Highland Park Spirit Of The Bear es un whisky escoc\u00e9s de pura malta distintivo de la destiler\u00eda Highland Park en las Islas Orcadas.Esta expresi\u00f3n forma parte de una serie inspirada en la herencia n\u00f3rdica de las islas y los t\u00f3tems animales que representan diferentes aspectos del car\u00e1cter del whisky.Spirit Of The Bear es conocido por su perfil de sabor rico y ahumado, con notas de humo de turba, miel de brezo, c\u00edtricos, dulzura cremosa y un toque especiado.Se madura en una combinaci\u00f3n de barricas de roble, lo que contribuye a su car\u00e1cter equilibrado y complejo.Highland Park Spirit Of The Bear es un testimonio del compromiso de la destiler\u00eda con la artesan\u00eda, y ofrece un single malt sabroso y con mucho cuerpo que es muy apreciado por los entusiastas del whisky.<\/p>","protected":false},"featured_media":2122,"template":"","meta":{"_gspb_post_css":"","_joinchat":[]},"product_brand":[],"product_cat":[135],"product_tag":[],"class_list":{"0":"post-2120","1":"product","2":"type-product","3":"status-publish","4":"has-post-thumbnail","6":"product_cat-single-malt","8":"first","9":"onbackorder","10":"shipping-taxable","11":"purchasable","12":"product-type-simple"},"supplier_id":398,"supplier_sku":"","barcode":null,"atum_controlled":true,"out_stock_date":null,"out_stock_threshold":null,"inheritable":false,"inbound_stock":null,"stock_on_hold":0,"sold_today":0,"sales_last_days":0,"reserved_stock":null,"customer_returns":null,"warehouse_damage":null,"lost_in_post":null,"other_logs":null,"out_stock_days":0,"lost_sales":0,"has_location":null,"update_date":"2026-05-09T09:14:43","atum_locations":[],"atum_stock_status":"onbackorder","restock_status":false,"low_stock_amount":"","sales_update_date":"2026-05-09T09:14:43","calc_backorders":0,"_links":{"self":[{"href":"https:\/\/poke.com.ar\/en\/wp-json\/wp\/v2\/product\/2120","targetHints":{"allow":["GET"]}}],"collection":[{"href":"https:\/\/poke.com.ar\/en\/wp-json\/wp\/v2\/product"}],"about":[{"href":"https:\/\/poke.com.ar\/en\/wp-json\/wp\/v2\/types\/product"}],"wp:featuredmedia":[{"embeddable":true,"href":"https:\/\/poke.com.ar\/en\/wp-json\/wp\/v2\/media\/2122"}],"wp:attachment":[{"href":"https:\/\/poke.com.ar\/en\/wp-json\/wp\/v2\/media?parent=2120"}],"wp:term":[{"taxonomy":"product_brand","embeddable":true,"href":"https:\/\/poke.com.ar\/en\/wp-json\/wp\/v2\/product_brand?post=2120"},{"taxonomy":"product_cat","embeddable":true,"href":"https:\/\/poke.com.ar\/en\/wp-json\/wp\/v2\/product_cat?post=2120"},{"taxonomy":"product_tag","embeddable":true,"href":"https:\/\/poke.com.ar\/en\/wp-json\/wp\/v2\/product_tag?post=2120"}],"curies":[{"name":"wp","href":"https:\/\/api.w.org\/{rel}","templated":true}]}}