{"id":2105,"date":"2026-05-06T21:33:55","date_gmt":"2026-05-06T21:33:55","guid":{"rendered":"https:\/\/poke.com.arREMOTE_TARGET\/tienda\/glenmorangie-10-1-lt\/"},"modified":"2026-05-06T21:33:55","modified_gmt":"2026-05-06T21:33:55","slug":"glenmorangie-10-1-lt","status":"publish","type":"product","link":"https:\/\/poke.com.ar\/en\/product\/glenmorangie-10-1-lt\/","title":{"rendered":"Glenmorangie 10 1 lt"},"content":{"rendered":"<p>Glenmorangie 10 a\u00f1os Original es un whisky escoc\u00e9s de malta suave y accesible.Espere notas c\u00edtricas, vainilla y un toque de dulzura floral, complementadas con una textura cremosa y un final largo y c\u00e1lido.Es un single malt cl\u00e1sico de las Highlands, conocido por su car\u00e1cter delicado y elegante.<\/p>","protected":false},"excerpt":{"rendered":"<p>Glenmorangie 10 Year Old Original es el whisky escoc\u00e9s de malta insignia de la destiler\u00eda Glenmorangie en las Tierras Altas de Escocia.Es conocido por su car\u00e1cter delicado, elegante y complejo, que se logra mediante la maduraci\u00f3n en las mejores barricas de ex-bourbon de roble blanco americano.Esta expresi\u00f3n de 10 a\u00f1os ofrece un perfil de sabor armonioso con notas c\u00edtricas, vainilla y un toque de dulzura floral.Glenmorangie tambi\u00e9n es famosa por sus \u00abfotograf\u00edas m\u00e1s altas de Escocia\u00bb, que contribuyen al esp\u00edritu ligero y puro.Glenmorangie 10 a\u00f1os Original es un whisky de pura malta cl\u00e1sico y muy apreciado, perfecto para quienes aprecian un whisky refinado y accesible.<\/p>","protected":false},"featured_media":2107,"template":"","meta":{"_gspb_post_css":"","_joinchat":[]},"product_brand":[],"product_cat":[135],"product_tag":[],"class_list":{"0":"post-2105","1":"product","2":"type-product","3":"status-publish","4":"has-post-thumbnail","6":"product_cat-single-malt","8":"first","9":"onbackorder","10":"shipping-taxable","11":"purchasable","12":"product-type-simple"},"supplier_id":398,"supplier_sku":"","barcode":null,"atum_controlled":true,"out_stock_date":null,"out_stock_threshold":null,"inheritable":false,"inbound_stock":null,"stock_on_hold":0,"sold_today":0,"sales_last_days":0,"reserved_stock":null,"customer_returns":null,"warehouse_damage":null,"lost_in_post":null,"other_logs":null,"out_stock_days":0,"lost_sales":0,"has_location":null,"update_date":"2026-05-09T09:14:43","atum_locations":[],"atum_stock_status":"onbackorder","restock_status":false,"low_stock_amount":"","sales_update_date":"2026-05-09T09:14:43","calc_backorders":0,"_links":{"self":[{"href":"https:\/\/poke.com.ar\/en\/wp-json\/wp\/v2\/product\/2105","targetHints":{"allow":["GET"]}}],"collection":[{"href":"https:\/\/poke.com.ar\/en\/wp-json\/wp\/v2\/product"}],"about":[{"href":"https:\/\/poke.com.ar\/en\/wp-json\/wp\/v2\/types\/product"}],"wp:featuredmedia":[{"embeddable":true,"href":"https:\/\/poke.com.ar\/en\/wp-json\/wp\/v2\/media\/2107"}],"wp:attachment":[{"href":"https:\/\/poke.com.ar\/en\/wp-json\/wp\/v2\/media?parent=2105"}],"wp:term":[{"taxonomy":"product_brand","embeddable":true,"href":"https:\/\/poke.com.ar\/en\/wp-json\/wp\/v2\/product_brand?post=2105"},{"taxonomy":"product_cat","embeddable":true,"href":"https:\/\/poke.com.ar\/en\/wp-json\/wp\/v2\/product_cat?post=2105"},{"taxonomy":"product_tag","embeddable":true,"href":"https:\/\/poke.com.ar\/en\/wp-json\/wp\/v2\/product_tag?post=2105"}],"curies":[{"name":"wp","href":"https:\/\/api.w.org\/{rel}","templated":true}]}}