{"id":2102,"date":"2026-05-06T21:33:32","date_gmt":"2026-05-06T21:33:32","guid":{"rendered":"https:\/\/poke.com.arREMOTE_TARGET\/tienda\/glenlivet-white-oak-triple-cask-1-lt\/"},"modified":"2026-05-06T21:33:32","modified_gmt":"2026-05-06T21:33:32","slug":"glenlivet-white-oak-triple-cask-1-lt","status":"publish","type":"product","link":"https:\/\/poke.com.ar\/en\/product\/glenlivet-white-oak-triple-cask-1-lt\/","title":{"rendered":"Glenlivet White Oak Triple Cask 1 lt"},"content":{"rendered":"<p>Glenlivet White Oak Triple Cask es un whisky escoc\u00e9s de malta suave y accesible, madurado en tres tipos diferentes de barricas de roble: roble tradicional, roble americano y barricas de ex-jerez.Espere notas de fruta fresca, vainilla y un toque c\u00edtrico, complementados con una dulzura cremosa y un toque de roble.En boca es suave y meloso, con una textura con mucho cuerpo y un final largo y c\u00e1lido que muestra su vitalidad juvenil.Es un whisky de pura malta accesible y sabroso, perfecto para quienes disfrutan de un whisky vivaz y afrutado.<\/p>","protected":false},"excerpt":{"rendered":"<p>Glenlivet White Oak Triple Cask es un whisky escoc\u00e9s de pura malta distintivo de Speyside que se somete a un proceso de maduraci\u00f3n \u00fanico en tres tipos diferentes de barricas de roble: roble tradicional, roble americano y barricas ex-jerez.Esta triple maduraci\u00f3n en barrica imparte un perfil de sabor complejo y en capas, con notas de fruta fresca, vainilla, c\u00edtricos, dulzura cremosa y un toque de roble.El resultado es un single malt suave, meloso y accesible que muestra la influencia armoniosa de los diferentes tipos de roble.Glenlivet White Oak Triple Cask es un testimonio del compromiso de The Glenlivet con la artesan\u00eda, ofreciendo una experiencia de whisky sabrosa e intrigante.<\/p>","protected":false},"featured_media":2104,"template":"","meta":{"_gspb_post_css":"","_joinchat":[]},"product_brand":[],"product_cat":[135],"product_tag":[],"class_list":{"0":"post-2102","1":"product","2":"type-product","3":"status-publish","4":"has-post-thumbnail","6":"product_cat-single-malt","8":"first","9":"onbackorder","10":"shipping-taxable","11":"purchasable","12":"product-type-simple"},"supplier_id":398,"supplier_sku":"","barcode":null,"atum_controlled":true,"out_stock_date":null,"out_stock_threshold":null,"inheritable":false,"inbound_stock":null,"stock_on_hold":0,"sold_today":0,"sales_last_days":0,"reserved_stock":null,"customer_returns":null,"warehouse_damage":null,"lost_in_post":null,"other_logs":null,"out_stock_days":0,"lost_sales":0,"has_location":null,"update_date":"2026-05-09T09:14:43","atum_locations":[],"atum_stock_status":"onbackorder","restock_status":false,"low_stock_amount":"","sales_update_date":"2026-05-09T09:14:43","calc_backorders":0,"_links":{"self":[{"href":"https:\/\/poke.com.ar\/en\/wp-json\/wp\/v2\/product\/2102","targetHints":{"allow":["GET"]}}],"collection":[{"href":"https:\/\/poke.com.ar\/en\/wp-json\/wp\/v2\/product"}],"about":[{"href":"https:\/\/poke.com.ar\/en\/wp-json\/wp\/v2\/types\/product"}],"wp:featuredmedia":[{"embeddable":true,"href":"https:\/\/poke.com.ar\/en\/wp-json\/wp\/v2\/media\/2104"}],"wp:attachment":[{"href":"https:\/\/poke.com.ar\/en\/wp-json\/wp\/v2\/media?parent=2102"}],"wp:term":[{"taxonomy":"product_brand","embeddable":true,"href":"https:\/\/poke.com.ar\/en\/wp-json\/wp\/v2\/product_brand?post=2102"},{"taxonomy":"product_cat","embeddable":true,"href":"https:\/\/poke.com.ar\/en\/wp-json\/wp\/v2\/product_cat?post=2102"},{"taxonomy":"product_tag","embeddable":true,"href":"https:\/\/poke.com.ar\/en\/wp-json\/wp\/v2\/product_tag?post=2102"}],"curies":[{"name":"wp","href":"https:\/\/api.w.org\/{rel}","templated":true}]}}