{"id":2072,"date":"2026-05-06T21:29:30","date_gmt":"2026-05-06T21:29:30","guid":{"rendered":"https:\/\/poke.com.arREMOTE_TARGET\/tienda\/glendronach-forgue-10-1-lt\/"},"modified":"2026-05-06T21:29:30","modified_gmt":"2026-05-06T21:29:30","slug":"glendronach-forgue-10-1-lt","status":"publish","type":"product","link":"https:\/\/poke.com.ar\/en\/product\/glendronach-forgue-10-1-lt\/","title":{"rendered":"Glendronach Forgue 10 1 lt"},"content":{"rendered":"<p>Glendronach Forgue 10 a\u00f1os ofrece un perfil de sabor rico y robusto, caracter\u00edstico de la destiler\u00eda Glendronach.Espere notas de frutos negros, jerez y un toque especiado, complementados con una dulzura cremosa y un toque de chocolate.En boca es suave y meloso, con una textura con mucho cuerpo y un final largo y c\u00e1lido que muestra su profundidad y equilibrio.Es un single malt sofisticado y sabroso, perfecto para saborear.<\/p>","protected":false},"excerpt":{"rendered":"<p>GlenDronach Forgue 10 a\u00f1os es un distinguido whisky escoc\u00e9s de pura malta de las Tierras Altas de la reconocida destiler\u00eda GlenDronach.Esta expresi\u00f3n es conocida por su car\u00e1cter rico y robusto, que es un sello distintivo de los whiskies GlenDronach, a menudo madurados predominantemente en barricas de jerez.Si bien los detalles espec\u00edficos de la barrica del Forgue 10 pueden variar, generalmente ofrece un perfil de sabor con mucho cuerpo con notas de frutos negros, jerez, especias, dulzura cremosa y un toque de chocolate.GlenDronach es famoso por su enfoque tradicional en la elaboraci\u00f3n de whisky y su compromiso con la maduraci\u00f3n en barricas de jerez, lo que da como resultado whiskies de profundidad y complejidad excepcionales.<\/p>","protected":false},"featured_media":2074,"template":"","meta":{"_gspb_post_css":"","_joinchat":[]},"product_brand":[],"product_cat":[135],"product_tag":[],"class_list":{"0":"post-2072","1":"product","2":"type-product","3":"status-publish","4":"has-post-thumbnail","6":"product_cat-single-malt","8":"first","9":"onbackorder","10":"shipping-taxable","11":"purchasable","12":"product-type-simple"},"supplier_id":398,"supplier_sku":"","barcode":null,"atum_controlled":true,"out_stock_date":null,"out_stock_threshold":null,"inheritable":false,"inbound_stock":null,"stock_on_hold":0,"sold_today":0,"sales_last_days":0,"reserved_stock":null,"customer_returns":null,"warehouse_damage":null,"lost_in_post":null,"other_logs":null,"out_stock_days":0,"lost_sales":0,"has_location":null,"update_date":"2026-05-09T09:14:43","atum_locations":[],"atum_stock_status":"onbackorder","restock_status":false,"low_stock_amount":"","sales_update_date":"2026-05-09T09:14:43","calc_backorders":0,"_links":{"self":[{"href":"https:\/\/poke.com.ar\/en\/wp-json\/wp\/v2\/product\/2072","targetHints":{"allow":["GET"]}}],"collection":[{"href":"https:\/\/poke.com.ar\/en\/wp-json\/wp\/v2\/product"}],"about":[{"href":"https:\/\/poke.com.ar\/en\/wp-json\/wp\/v2\/types\/product"}],"wp:featuredmedia":[{"embeddable":true,"href":"https:\/\/poke.com.ar\/en\/wp-json\/wp\/v2\/media\/2074"}],"wp:attachment":[{"href":"https:\/\/poke.com.ar\/en\/wp-json\/wp\/v2\/media?parent=2072"}],"wp:term":[{"taxonomy":"product_brand","embeddable":true,"href":"https:\/\/poke.com.ar\/en\/wp-json\/wp\/v2\/product_brand?post=2072"},{"taxonomy":"product_cat","embeddable":true,"href":"https:\/\/poke.com.ar\/en\/wp-json\/wp\/v2\/product_cat?post=2072"},{"taxonomy":"product_tag","embeddable":true,"href":"https:\/\/poke.com.ar\/en\/wp-json\/wp\/v2\/product_tag?post=2072"}],"curies":[{"name":"wp","href":"https:\/\/api.w.org\/{rel}","templated":true}]}}