{"id":2066,"date":"2026-05-06T21:28:41","date_gmt":"2026-05-06T21:28:41","guid":{"rendered":"https:\/\/poke.com.arREMOTE_TARGET\/tienda\/dalmore-the-quartet-1-lt\/"},"modified":"2026-05-06T21:28:41","modified_gmt":"2026-05-06T21:28:41","slug":"dalmore-the-quartet-1-lt","status":"publish","type":"product","link":"https:\/\/poke.com.ar\/en\/product\/dalmore-the-quartet-1-lt\/","title":{"rendered":"Dalmore The Quartet 1 lt"},"content":{"rendered":"<p>Dalmore The Quartet ofrece un perfil de sabor rico y complejo, benefici\u00e1ndose de su maduraci\u00f3n en cuatro tipos de barricas diferentes: Bourbon de primer llenado, Jerez Matusalem, Jerez Amoroso y pipas de Oporto.Espere notas de frutos rojos, chocolate amargo y un toque de naranja, complementados con una dulzura cremosa y un toque especiado.En boca es suave y meloso, con una textura con mucho cuerpo y un final largo y c\u00e1lido que muestra su profundidad y equilibrio.Es un single malt sofisticado y sabroso, perfecto para saborear.<\/p>","protected":false},"excerpt":{"rendered":"<p>Dalmore The Quartet es un distinguido whisky escoc\u00e9s de pura malta de las Tierras Altas que muestra el arte de la maduraci\u00f3n en varias barricas.Esta expresi\u00f3n se madura en cuatro tipos diferentes de barricas: barricas de Bourbon de primer llenado, botas de Jerez Matusalem, botas de Jerez Amoroso y pipas de Oporto.Este meticuloso proceso de envejecimiento imparte un perfil de sabor rico y complejo, con notas de frutos rojos, chocolate amargo, naranja, dulzura cremosa y un toque especiado.Dalmore The Quartet es un testimonio del compromiso de la destiler\u00eda con la artesan\u00eda, ya que ofrece un whisky de pura malta sabroso y con mucho cuerpo que es muy apreciado por los entusiastas del whisky y ha ganado numerosos premios.<\/p>","protected":false},"featured_media":2068,"template":"","meta":{"_gspb_post_css":"","_joinchat":[]},"product_brand":[],"product_cat":[135],"product_tag":[],"class_list":{"0":"post-2066","1":"product","2":"type-product","3":"status-publish","4":"has-post-thumbnail","6":"product_cat-single-malt","8":"first","9":"onbackorder","10":"shipping-taxable","11":"purchasable","12":"product-type-simple"},"supplier_id":398,"supplier_sku":"","barcode":null,"atum_controlled":true,"out_stock_date":null,"out_stock_threshold":null,"inheritable":false,"inbound_stock":null,"stock_on_hold":0,"sold_today":0,"sales_last_days":0,"reserved_stock":null,"customer_returns":null,"warehouse_damage":null,"lost_in_post":null,"other_logs":null,"out_stock_days":0,"lost_sales":0,"has_location":null,"update_date":"2026-05-09T09:14:43","atum_locations":[],"atum_stock_status":"onbackorder","restock_status":false,"low_stock_amount":"","sales_update_date":"2026-05-09T09:14:43","calc_backorders":0,"_links":{"self":[{"href":"https:\/\/poke.com.ar\/en\/wp-json\/wp\/v2\/product\/2066","targetHints":{"allow":["GET"]}}],"collection":[{"href":"https:\/\/poke.com.ar\/en\/wp-json\/wp\/v2\/product"}],"about":[{"href":"https:\/\/poke.com.ar\/en\/wp-json\/wp\/v2\/types\/product"}],"wp:featuredmedia":[{"embeddable":true,"href":"https:\/\/poke.com.ar\/en\/wp-json\/wp\/v2\/media\/2068"}],"wp:attachment":[{"href":"https:\/\/poke.com.ar\/en\/wp-json\/wp\/v2\/media?parent=2066"}],"wp:term":[{"taxonomy":"product_brand","embeddable":true,"href":"https:\/\/poke.com.ar\/en\/wp-json\/wp\/v2\/product_brand?post=2066"},{"taxonomy":"product_cat","embeddable":true,"href":"https:\/\/poke.com.ar\/en\/wp-json\/wp\/v2\/product_cat?post=2066"},{"taxonomy":"product_tag","embeddable":true,"href":"https:\/\/poke.com.ar\/en\/wp-json\/wp\/v2\/product_tag?post=2066"}],"curies":[{"name":"wp","href":"https:\/\/api.w.org\/{rel}","templated":true}]}}