{"id":2060,"date":"2026-05-06T21:27:49","date_gmt":"2026-05-06T21:27:49","guid":{"rendered":"https:\/\/poke.com.arREMOTE_TARGET\/tienda\/deanston-virgin-oak-700-ml\/"},"modified":"2026-05-06T21:27:49","modified_gmt":"2026-05-06T21:27:49","slug":"deanston-virgin-oak-700-ml","status":"publish","type":"product","link":"https:\/\/poke.com.ar\/en\/product\/deanston-virgin-oak-700-ml\/","title":{"rendered":"Deanston Virgin Oak 700 ml"},"content":{"rendered":"<p>Deanston Virgin Oak ofrece un perfil de sabor vibrante y especiado, influenciado por su maduraci\u00f3n en barricas de roble virgen.Espere notas de vainilla, caramelo y miel, con un toque picante prominente y un toque c\u00edtrico.En boca es atrevido y vivaz, con una textura cremosa y un final largo y c\u00e1lido que muestra la influencia del roble.Es un whisky de pura malta robusto y sabroso, perfecto para quienes disfrutan de un whisky con un fuerte car\u00e1cter a roble.<\/p>","protected":false},"excerpt":{"rendered":"<p>Deanston Virgin Oak es un whisky escoc\u00e9s de pura malta de las Tierras Altas \u00fanico que se somete a un proceso de maduraci\u00f3n distintivo.Despu\u00e9s de un per\u00edodo inicial de envejecimiento en barricas de roble tradicionales, el whisky se transfiere a barricas de roble virgen para una maduraci\u00f3n secundaria.Estas barricas de roble nuevas y sin usar imparten un car\u00e1cter vibrante y especiado al whisky, con notas prominentes de vainilla, caramelo, miel y un toque c\u00edtrico.El resultado es un whisky de malta robusto y sabroso que muestra la poderosa influencia del roble virgen, ofreciendo una experiencia de bebida audaz y vivaz para aquellos que aprecian un whisky con un fuerte car\u00e1cter de roble.<\/p>","protected":false},"featured_media":2062,"template":"","meta":{"_gspb_post_css":"","_joinchat":[]},"product_brand":[],"product_cat":[135],"product_tag":[],"class_list":{"0":"post-2060","1":"product","2":"type-product","3":"status-publish","4":"has-post-thumbnail","6":"product_cat-single-malt","8":"first","9":"onbackorder","10":"shipping-taxable","11":"purchasable","12":"product-type-simple"},"supplier_id":398,"supplier_sku":"","barcode":null,"atum_controlled":true,"out_stock_date":null,"out_stock_threshold":null,"inheritable":false,"inbound_stock":null,"stock_on_hold":0,"sold_today":0,"sales_last_days":0,"reserved_stock":null,"customer_returns":null,"warehouse_damage":null,"lost_in_post":null,"other_logs":null,"out_stock_days":0,"lost_sales":0,"has_location":null,"update_date":"2026-05-09T09:14:43","atum_locations":[],"atum_stock_status":"onbackorder","restock_status":false,"low_stock_amount":"","sales_update_date":"2026-05-09T09:14:43","calc_backorders":0,"_links":{"self":[{"href":"https:\/\/poke.com.ar\/en\/wp-json\/wp\/v2\/product\/2060","targetHints":{"allow":["GET"]}}],"collection":[{"href":"https:\/\/poke.com.ar\/en\/wp-json\/wp\/v2\/product"}],"about":[{"href":"https:\/\/poke.com.ar\/en\/wp-json\/wp\/v2\/types\/product"}],"wp:featuredmedia":[{"embeddable":true,"href":"https:\/\/poke.com.ar\/en\/wp-json\/wp\/v2\/media\/2062"}],"wp:attachment":[{"href":"https:\/\/poke.com.ar\/en\/wp-json\/wp\/v2\/media?parent=2060"}],"wp:term":[{"taxonomy":"product_brand","embeddable":true,"href":"https:\/\/poke.com.ar\/en\/wp-json\/wp\/v2\/product_brand?post=2060"},{"taxonomy":"product_cat","embeddable":true,"href":"https:\/\/poke.com.ar\/en\/wp-json\/wp\/v2\/product_cat?post=2060"},{"taxonomy":"product_tag","embeddable":true,"href":"https:\/\/poke.com.ar\/en\/wp-json\/wp\/v2\/product_tag?post=2060"}],"curies":[{"name":"wp","href":"https:\/\/api.w.org\/{rel}","templated":true}]}}