{"id":2048,"date":"2026-05-06T21:26:10","date_gmt":"2026-05-06T21:26:10","guid":{"rendered":"https:\/\/poke.com.arREMOTE_TARGET\/tienda\/bowmore-14-bordeaux-cask-finish-700-ml\/"},"modified":"2026-05-06T21:26:10","modified_gmt":"2026-05-06T21:26:10","slug":"bowmore-14-bordeaux-cask-finish-700-ml","status":"publish","type":"product","link":"https:\/\/poke.com.ar\/en\/product\/bowmore-14-bordeaux-cask-finish-700-ml\/","title":{"rendered":"Bowmore 14 Bordeaux Cask Finish 700 ml"},"content":{"rendered":"<p>Color: Claret, rico y vibrante.Nariz: cerezas maduras, pastel de la Selva Negra, pi\u00f1ones y sal marina.Algunos tambi\u00e9n notan especias, salmuera de aceitunas, pimiento verde, caramelo, humo, pastel de vainilla, mel\u00f3n, tabaco y frutos rojos.Boca: Salado y especiado, con ricas notas frutales como frambuesas, cerezas y fresas.Otras descripciones incluyen caramelo tibio con un toque de salmuera, notas terrosas, champi\u00f1ones, papaya rociada con miel, nectarinas, cuero, turba, profundas influencias del vino y notas picantes iniciales.Tiene un equilibrado car\u00e1cter ahumado, frutas del bosque, chocolate negro, especias y una fina nota de taninos.Final: Chocolate amargo amargo, frambuesas, cerezas y fresas.Es duradero, c\u00e1lido, afrutado y ahumado con una elegante estructura de madera de vino.Algunos tambi\u00e9n lo describen como c\u00e1lido y tropical, con papaya, suaves toques de pera verde y chocolate amargo.<\/p>","protected":false},"excerpt":{"rendered":"<p>El whisky escoc\u00e9s de pura malta Bowmore 14 Bordeaux Cask Finish es un whisky escoc\u00e9s de malta \u00fanica de Islay turbado que forma parte de la colecci\u00f3n de denominaciones de Bowmore y, a menudo, se lanza como exclusivo para viajes.Inicialmente se madura durante aproximadamente 12 a\u00f1os en barricas de ex-bourbon de roble americano antes de pasar por un per\u00edodo de acabado de dos a\u00f1os en barricas de vino franc\u00e9s de Burdeos.Esta maduraci\u00f3n secundaria imparte un car\u00e1cter distintivo al whisky, equilibrando la complejidad turbosa caracter\u00edstica de Bowmore con las notas frutales de las barricas de vino.Por lo general, se embotella con un 43% ABV.<\/p>","protected":false},"featured_media":2050,"template":"","meta":{"_gspb_post_css":"","_joinchat":[]},"product_brand":[],"product_cat":[135],"product_tag":[],"class_list":{"0":"post-2048","1":"product","2":"type-product","3":"status-publish","4":"has-post-thumbnail","6":"product_cat-single-malt","8":"first","9":"onbackorder","10":"shipping-taxable","11":"purchasable","12":"product-type-simple"},"supplier_id":398,"supplier_sku":"","barcode":null,"atum_controlled":true,"out_stock_date":null,"out_stock_threshold":null,"inheritable":false,"inbound_stock":null,"stock_on_hold":0,"sold_today":0,"sales_last_days":0,"reserved_stock":null,"customer_returns":null,"warehouse_damage":null,"lost_in_post":null,"other_logs":null,"out_stock_days":0,"lost_sales":0,"has_location":null,"update_date":"2026-05-09T09:14:43","atum_locations":[],"atum_stock_status":"onbackorder","restock_status":false,"low_stock_amount":"","sales_update_date":"2026-05-09T09:14:43","calc_backorders":0,"_links":{"self":[{"href":"https:\/\/poke.com.ar\/en\/wp-json\/wp\/v2\/product\/2048","targetHints":{"allow":["GET"]}}],"collection":[{"href":"https:\/\/poke.com.ar\/en\/wp-json\/wp\/v2\/product"}],"about":[{"href":"https:\/\/poke.com.ar\/en\/wp-json\/wp\/v2\/types\/product"}],"wp:featuredmedia":[{"embeddable":true,"href":"https:\/\/poke.com.ar\/en\/wp-json\/wp\/v2\/media\/2050"}],"wp:attachment":[{"href":"https:\/\/poke.com.ar\/en\/wp-json\/wp\/v2\/media?parent=2048"}],"wp:term":[{"taxonomy":"product_brand","embeddable":true,"href":"https:\/\/poke.com.ar\/en\/wp-json\/wp\/v2\/product_brand?post=2048"},{"taxonomy":"product_cat","embeddable":true,"href":"https:\/\/poke.com.ar\/en\/wp-json\/wp\/v2\/product_cat?post=2048"},{"taxonomy":"product_tag","embeddable":true,"href":"https:\/\/poke.com.ar\/en\/wp-json\/wp\/v2\/product_tag?post=2048"}],"curies":[{"name":"wp","href":"https:\/\/api.w.org\/{rel}","templated":true}]}}