{"id":2045,"date":"2026-05-06T21:25:47","date_gmt":"2026-05-06T21:25:47","guid":{"rendered":"https:\/\/poke.com.arREMOTE_TARGET\/tienda\/balvenie-18-pedro-ximenez-cask-700-ml\/"},"modified":"2026-05-06T21:25:47","modified_gmt":"2026-05-06T21:25:47","slug":"balvenie-18-pedro-ximenez-cask-700-ml","status":"publish","type":"product","link":"https:\/\/poke.com.ar\/en\/product\/balvenie-18-pedro-ximenez-cask-700-ml\/","title":{"rendered":"Balvenie 18 Pedro Ximenez Cask 700 ml"},"content":{"rendered":"<p>Balvenie 18 a\u00f1os Pedro Ximenez Cask ofrece un perfil de sabor rico e intensamente dulce, influenciado por su final en botas de jerez Pedro Xim\u00e9nez.Espere notas destacadas de frutos negros, pasas e higos, complementadas con una lujosa dulzura, chocolate y un toque especiado.En boca es con mucho cuerpo y aterciopelado, con un final largo y c\u00e1lido que muestra la profunda influencia del jerez PX.Es un single malt decadente y complejo, perfecto para saborear en ocasiones especiales.<\/p>","protected":false},"excerpt":{"rendered":"<p>El Balvenie 18 a\u00f1os Pedro Xim\u00e9nez Cask es un whisky escoc\u00e9s de pura malta lujoso y muy codiciado que se somete a un proceso de acabado distintivo.Tras su maduraci\u00f3n inicial, este Balvenie de 18 a\u00f1os se transfiere a botas de jerez ex-Pedro Xim\u00e9nez para un per\u00edodo adicional de crianza.Pedro Xim\u00e9nez es un jerez dulce y oscuro, y sus barricas imparten una intensa riqueza y dulzura al whisky, con notas destacadas de frutos negros, pasas, higos, chocolate y especias.El resultado es un single malt decadente, con mucho cuerpo y complejo que ofrece una experiencia de bebida verdaderamente placentera y memorable.<\/p>","protected":false},"featured_media":2047,"template":"","meta":{"_gspb_post_css":"","_joinchat":[]},"product_brand":[],"product_cat":[135],"product_tag":[],"class_list":{"0":"post-2045","1":"product","2":"type-product","3":"status-publish","4":"has-post-thumbnail","6":"product_cat-single-malt","8":"first","9":"onbackorder","10":"shipping-taxable","11":"purchasable","12":"product-type-simple"},"supplier_id":398,"supplier_sku":"","barcode":null,"atum_controlled":true,"out_stock_date":null,"out_stock_threshold":null,"inheritable":false,"inbound_stock":null,"stock_on_hold":0,"sold_today":0,"sales_last_days":0,"reserved_stock":null,"customer_returns":null,"warehouse_damage":null,"lost_in_post":null,"other_logs":null,"out_stock_days":0,"lost_sales":0,"has_location":null,"update_date":"2026-05-09T09:14:43","atum_locations":[],"atum_stock_status":"onbackorder","restock_status":false,"low_stock_amount":"","sales_update_date":"2026-05-09T09:14:43","calc_backorders":0,"_links":{"self":[{"href":"https:\/\/poke.com.ar\/en\/wp-json\/wp\/v2\/product\/2045","targetHints":{"allow":["GET"]}}],"collection":[{"href":"https:\/\/poke.com.ar\/en\/wp-json\/wp\/v2\/product"}],"about":[{"href":"https:\/\/poke.com.ar\/en\/wp-json\/wp\/v2\/types\/product"}],"wp:featuredmedia":[{"embeddable":true,"href":"https:\/\/poke.com.ar\/en\/wp-json\/wp\/v2\/media\/2047"}],"wp:attachment":[{"href":"https:\/\/poke.com.ar\/en\/wp-json\/wp\/v2\/media?parent=2045"}],"wp:term":[{"taxonomy":"product_brand","embeddable":true,"href":"https:\/\/poke.com.ar\/en\/wp-json\/wp\/v2\/product_brand?post=2045"},{"taxonomy":"product_cat","embeddable":true,"href":"https:\/\/poke.com.ar\/en\/wp-json\/wp\/v2\/product_cat?post=2045"},{"taxonomy":"product_tag","embeddable":true,"href":"https:\/\/poke.com.ar\/en\/wp-json\/wp\/v2\/product_tag?post=2045"}],"curies":[{"name":"wp","href":"https:\/\/api.w.org\/{rel}","templated":true}]}}