{"id":2039,"date":"2026-05-06T21:24:59","date_gmt":"2026-05-06T21:24:59","guid":{"rendered":"https:\/\/poke.com.arREMOTE_TARGET\/tienda\/balvenie-classic-700-ml\/"},"modified":"2026-05-06T21:24:59","modified_gmt":"2026-05-06T21:24:59","slug":"balvenie-classic-700-ml","status":"publish","type":"product","link":"https:\/\/poke.com.ar\/en\/product\/balvenie-classic-700-ml\/","title":{"rendered":"Balvenie Classic 700 ml"},"content":{"rendered":"<p>Balvenie Classic ofrece un perfil de sabor rico y meloso, caracter\u00edstico de la destiler\u00eda The Balvenie.Espere notas de vainilla, miel y un toque de ralladura de naranja, complementadas con una dulzura cremosa y un toque de roble.En boca es suave y meloso, con una textura con mucho cuerpo y un final largo y c\u00e1lido.Es un single malt cl\u00e1sico y accesible, perfecto para saborear.<\/p>","protected":false},"excerpt":{"rendered":"<p>El Balvenie Classic es un distinguido whisky escoc\u00e9s de malta de la reconocida destiler\u00eda Balvenie en Speyside.Esta expresi\u00f3n encarna la artesan\u00eda tradicional y el distintivo car\u00e1cter meloso por el que The Balvenie es famoso.Se madura en barricas de roble tradicionales, lo que permite que se desarrollen sus ricos y complejos sabores de vainilla, miel y un toque de ralladura de naranja.El Balvenie Classic es un testimonio del compromiso de la destiler\u00eda de mantener t\u00e9cnicas tradicionales de elaboraci\u00f3n de whisky, ofreciendo un whisky de pura malta suave, meloso y accesible que es apreciado por los entusiastas del whisky de todo el mundo.<\/p>","protected":false},"featured_media":2041,"template":"","meta":{"_gspb_post_css":"","_joinchat":[]},"product_brand":[],"product_cat":[135],"product_tag":[],"class_list":{"0":"post-2039","1":"product","2":"type-product","3":"status-publish","4":"has-post-thumbnail","6":"product_cat-single-malt","8":"first","9":"onbackorder","10":"shipping-taxable","11":"purchasable","12":"product-type-simple"},"supplier_id":398,"supplier_sku":"","barcode":null,"atum_controlled":true,"out_stock_date":null,"out_stock_threshold":null,"inheritable":false,"inbound_stock":null,"stock_on_hold":0,"sold_today":0,"sales_last_days":0,"reserved_stock":null,"customer_returns":null,"warehouse_damage":null,"lost_in_post":null,"other_logs":null,"out_stock_days":0,"lost_sales":0,"has_location":null,"update_date":"2026-05-09T09:14:43","atum_locations":[],"atum_stock_status":"onbackorder","restock_status":false,"low_stock_amount":"","sales_update_date":"2026-05-09T09:14:43","calc_backorders":0,"_links":{"self":[{"href":"https:\/\/poke.com.ar\/en\/wp-json\/wp\/v2\/product\/2039","targetHints":{"allow":["GET"]}}],"collection":[{"href":"https:\/\/poke.com.ar\/en\/wp-json\/wp\/v2\/product"}],"about":[{"href":"https:\/\/poke.com.ar\/en\/wp-json\/wp\/v2\/types\/product"}],"wp:featuredmedia":[{"embeddable":true,"href":"https:\/\/poke.com.ar\/en\/wp-json\/wp\/v2\/media\/2041"}],"wp:attachment":[{"href":"https:\/\/poke.com.ar\/en\/wp-json\/wp\/v2\/media?parent=2039"}],"wp:term":[{"taxonomy":"product_brand","embeddable":true,"href":"https:\/\/poke.com.ar\/en\/wp-json\/wp\/v2\/product_brand?post=2039"},{"taxonomy":"product_cat","embeddable":true,"href":"https:\/\/poke.com.ar\/en\/wp-json\/wp\/v2\/product_cat?post=2039"},{"taxonomy":"product_tag","embeddable":true,"href":"https:\/\/poke.com.ar\/en\/wp-json\/wp\/v2\/product_tag?post=2039"}],"curies":[{"name":"wp","href":"https:\/\/api.w.org\/{rel}","templated":true}]}}