{"id":2027,"date":"2026-05-06T21:23:23","date_gmt":"2026-05-06T21:23:23","guid":{"rendered":"https:\/\/poke.com.arREMOTE_TARGET\/tienda\/aberfeldy-16-madeira-cask-finish-700-ml\/"},"modified":"2026-05-06T21:23:23","modified_gmt":"2026-05-06T21:23:23","slug":"aberfeldy-16-madeira-cask-finish-700-ml","status":"publish","type":"product","link":"https:\/\/poke.com.ar\/en\/product\/aberfeldy-16-madeira-cask-finish-700-ml\/","title":{"rendered":"Aberfeldy 16 Madeira Cask Finish 700 ml"},"content":{"rendered":"<p>Aberfeldy 16 a\u00f1os Madeira Cask Finish ofrece un toque rico y afrutado en el perfil cl\u00e1sico de Aberfeldy.Espere una nariz de miel, frutos rojos y un toque especiado, complementado con una dulzura cremosa.En boca es suave y meloso, con notas de frutos secos, vainilla y un toque de chocolate, dando lugar a un final largo y c\u00e1lido con un delicioso dulzor.Es un single malt elegante y complejo, que muestra la influencia de las barricas de Madeira.<\/p>","protected":false},"excerpt":{"rendered":"<p>Aberfeldy 16 a\u00f1os Madeira Cask Finish es un whisky escoc\u00e9s de pura malta Highland de edici\u00f3n especial que se somete a un proceso de acabado \u00fanico.Despu\u00e9s de su maduraci\u00f3n inicial, este Aberfeldy de 16 a\u00f1os se transfiere a barricas de vino de Madeira para un per\u00edodo adicional de envejecimiento.Esta maduraci\u00f3n secundaria imparte un car\u00e1cter rico y afrutado al whisky, con notas de frutos rojos, miel, vainilla y un toque especiado.El resultado es un single malt elegante y complejo que combina maravillosamente el perfil cl\u00e1sico de Aberfeldy con las influencias de vino dulce y fortificado de las barricas de Madeira, ofreciendo una experiencia de bebida distintiva y memorable.<\/p>","protected":false},"featured_media":2029,"template":"","meta":{"_gspb_post_css":"","_joinchat":[]},"product_brand":[],"product_cat":[135],"product_tag":[],"class_list":{"0":"post-2027","1":"product","2":"type-product","3":"status-publish","4":"has-post-thumbnail","6":"product_cat-single-malt","8":"first","9":"onbackorder","10":"shipping-taxable","11":"purchasable","12":"product-type-simple"},"supplier_id":398,"supplier_sku":"","barcode":null,"atum_controlled":true,"out_stock_date":null,"out_stock_threshold":null,"inheritable":false,"inbound_stock":null,"stock_on_hold":0,"sold_today":0,"sales_last_days":0,"reserved_stock":null,"customer_returns":null,"warehouse_damage":null,"lost_in_post":null,"other_logs":null,"out_stock_days":0,"lost_sales":0,"has_location":null,"update_date":"2026-05-09T09:14:43","atum_locations":[],"atum_stock_status":"onbackorder","restock_status":false,"low_stock_amount":"","sales_update_date":"2026-05-09T09:14:43","calc_backorders":0,"_links":{"self":[{"href":"https:\/\/poke.com.ar\/en\/wp-json\/wp\/v2\/product\/2027","targetHints":{"allow":["GET"]}}],"collection":[{"href":"https:\/\/poke.com.ar\/en\/wp-json\/wp\/v2\/product"}],"about":[{"href":"https:\/\/poke.com.ar\/en\/wp-json\/wp\/v2\/types\/product"}],"wp:featuredmedia":[{"embeddable":true,"href":"https:\/\/poke.com.ar\/en\/wp-json\/wp\/v2\/media\/2029"}],"wp:attachment":[{"href":"https:\/\/poke.com.ar\/en\/wp-json\/wp\/v2\/media?parent=2027"}],"wp:term":[{"taxonomy":"product_brand","embeddable":true,"href":"https:\/\/poke.com.ar\/en\/wp-json\/wp\/v2\/product_brand?post=2027"},{"taxonomy":"product_cat","embeddable":true,"href":"https:\/\/poke.com.ar\/en\/wp-json\/wp\/v2\/product_cat?post=2027"},{"taxonomy":"product_tag","embeddable":true,"href":"https:\/\/poke.com.ar\/en\/wp-json\/wp\/v2\/product_tag?post=2027"}],"curies":[{"name":"wp","href":"https:\/\/api.w.org\/{rel}","templated":true}]}}