{"id":2020,"date":"2026-05-06T21:22:33","date_gmt":"2026-05-06T21:22:33","guid":{"rendered":"https:\/\/poke.com.arREMOTE_TARGET\/tienda\/aberfeldy-12-700-ml\/"},"modified":"2026-05-06T21:22:33","modified_gmt":"2026-05-06T21:22:33","slug":"aberfeldy-12-700-ml","status":"publish","type":"product","link":"https:\/\/poke.com.ar\/en\/product\/aberfeldy-12-700-ml\/","title":{"rendered":"Aberfeldy 12 700 ml"},"content":{"rendered":"<p>Aberfeldy 12 a\u00f1os es un whisky escoc\u00e9s de malta rico y meloso.Espere una nariz fragante con notas de miel de brezo, frutas y un toque especiado.En boca es suave y meloso, con una textura cremosa y sabores de malta dulce, vainilla y un toque c\u00edtrico, lo que lleva a un final largo y c\u00e1lido.Es un single malt cl\u00e1sico de las Tierras Altas, conocido por su dulzura accesible y su car\u00e1cter equilibrado.<\/p>","protected":false},"excerpt":{"rendered":"<p>Aberfeldy 12 a\u00f1os es un distinguido whisky escoc\u00e9s de pura malta de las Tierras Altas, producido en la destiler\u00eda Aberfeldy, fundada en 1898. Se le conoce como el &#8216;Golden Dram&#8217; debido al oro que se encuentra en Pitilie Burn, la fuente de agua de la destiler\u00eda.Aberfeldy 12 es famoso por su perfil de sabor rico, meloso y accesible, con notas de miel de brezo, fruta, vainilla y un toque especiado.Se madura en una combinaci\u00f3n de barricas de roble, lo que contribuye a su car\u00e1cter suave y meloso.Este whisky de pura malta es una representaci\u00f3n cl\u00e1sica del whisky Highland y ofrece una experiencia de bebida c\u00e1lida y acogedora.<\/p>","protected":false},"featured_media":2023,"template":"","meta":{"_gspb_post_css":"","_joinchat":[]},"product_brand":[],"product_cat":[135],"product_tag":[],"class_list":{"0":"post-2020","1":"product","2":"type-product","3":"status-publish","4":"has-post-thumbnail","6":"product_cat-single-malt","8":"first","9":"onbackorder","10":"shipping-taxable","11":"purchasable","12":"product-type-simple"},"supplier_id":398,"supplier_sku":"","barcode":null,"atum_controlled":true,"out_stock_date":null,"out_stock_threshold":null,"inheritable":false,"inbound_stock":null,"stock_on_hold":0,"sold_today":0,"sales_last_days":0,"reserved_stock":null,"customer_returns":null,"warehouse_damage":null,"lost_in_post":null,"other_logs":null,"out_stock_days":0,"lost_sales":0,"has_location":null,"update_date":"2026-05-09T09:14:43","atum_locations":[],"atum_stock_status":"onbackorder","restock_status":false,"low_stock_amount":"","sales_update_date":"2026-05-09T09:14:43","calc_backorders":0,"_links":{"self":[{"href":"https:\/\/poke.com.ar\/en\/wp-json\/wp\/v2\/product\/2020","targetHints":{"allow":["GET"]}}],"collection":[{"href":"https:\/\/poke.com.ar\/en\/wp-json\/wp\/v2\/product"}],"about":[{"href":"https:\/\/poke.com.ar\/en\/wp-json\/wp\/v2\/types\/product"}],"wp:featuredmedia":[{"embeddable":true,"href":"https:\/\/poke.com.ar\/en\/wp-json\/wp\/v2\/media\/2023"}],"wp:attachment":[{"href":"https:\/\/poke.com.ar\/en\/wp-json\/wp\/v2\/media?parent=2020"}],"wp:term":[{"taxonomy":"product_brand","embeddable":true,"href":"https:\/\/poke.com.ar\/en\/wp-json\/wp\/v2\/product_brand?post=2020"},{"taxonomy":"product_cat","embeddable":true,"href":"https:\/\/poke.com.ar\/en\/wp-json\/wp\/v2\/product_cat?post=2020"},{"taxonomy":"product_tag","embeddable":true,"href":"https:\/\/poke.com.ar\/en\/wp-json\/wp\/v2\/product_tag?post=2020"}],"curies":[{"name":"wp","href":"https:\/\/api.w.org\/{rel}","templated":true}]}}