{"id":2017,"date":"2026-05-06T21:22:09","date_gmt":"2026-05-06T21:22:09","guid":{"rendered":"https:\/\/poke.com.arREMOTE_TARGET\/tienda\/monkey-shoulder-1-lt\/"},"modified":"2026-05-06T21:22:09","modified_gmt":"2026-05-06T21:22:09","slug":"monkey-shoulder-1-lt","status":"publish","type":"product","link":"https:\/\/poke.com.ar\/en\/product\/monkey-shoulder-1-lt\/","title":{"rendered":"Monkey Shoulder 1 lt"},"content":{"rendered":"<p>Monkey Shoulder es un whisky escoc\u00e9s de malta mezclado suave y accesible.Espere una nariz vibrante y afrutada con toques de vainilla, ralladura de naranja y miel.En boca es cremoso y suave, con notas de malta, vainilla y un toque especiado, que dan lugar a un final largo y dulce.Es un whisky escoc\u00e9s vers\u00e1til y f\u00e1cil de beber, perfecto para mezclarlo en c\u00f3cteles o disfrutarlo solo.<\/p>","protected":false},"excerpt":{"rendered":"<p>Monkey Shoulder es un whisky escoc\u00e9s de malta mezclado \u00fanico y divertido, elaborado a partir de una selecci\u00f3n de tres maltas simples de Speyside: Glenfiddich, Balvenie y Kininvie.Es conocido por su suavidad excepcional y su perfil de sabor accesible, lo que lo convierte en uno de los favoritos tanto entre los reci\u00e9n llegados como entre los conocedores del whisky.Monkey Shoulder ofrece un car\u00e1cter vibrante y afrutado con notas de vainilla, ralladura de naranja y miel, lo que lo hace incre\u00edblemente vers\u00e1til para mezclar en c\u00f3cteles o disfrutar solo.El nombre &#8216;Monkey Shoulder&#8217; rinde homenaje a la tensi\u00f3n temporal en el hombro que sufren los malteros que tradicionalmente giraban la cebada a mano, una pr\u00e1ctica que ahora ha sido reemplazada en gran medida por maquinaria.<\/p>","protected":false},"featured_media":2019,"template":"","meta":{"_gspb_post_css":"","_joinchat":[]},"product_brand":[],"product_cat":[134],"product_tag":[],"class_list":{"0":"post-2017","1":"product","2":"type-product","3":"status-publish","4":"has-post-thumbnail","6":"product_cat-blend","8":"first","9":"onbackorder","10":"shipping-taxable","11":"purchasable","12":"product-type-simple"},"supplier_id":398,"supplier_sku":"","barcode":null,"atum_controlled":true,"out_stock_date":null,"out_stock_threshold":null,"inheritable":false,"inbound_stock":null,"stock_on_hold":0,"sold_today":0,"sales_last_days":0,"reserved_stock":null,"customer_returns":null,"warehouse_damage":null,"lost_in_post":null,"other_logs":null,"out_stock_days":0,"lost_sales":0,"has_location":null,"update_date":"2026-05-09T09:14:43","atum_locations":[],"atum_stock_status":"onbackorder","restock_status":false,"low_stock_amount":"","sales_update_date":"2026-05-09T09:14:43","calc_backorders":0,"_links":{"self":[{"href":"https:\/\/poke.com.ar\/en\/wp-json\/wp\/v2\/product\/2017","targetHints":{"allow":["GET"]}}],"collection":[{"href":"https:\/\/poke.com.ar\/en\/wp-json\/wp\/v2\/product"}],"about":[{"href":"https:\/\/poke.com.ar\/en\/wp-json\/wp\/v2\/types\/product"}],"wp:featuredmedia":[{"embeddable":true,"href":"https:\/\/poke.com.ar\/en\/wp-json\/wp\/v2\/media\/2019"}],"wp:attachment":[{"href":"https:\/\/poke.com.ar\/en\/wp-json\/wp\/v2\/media?parent=2017"}],"wp:term":[{"taxonomy":"product_brand","embeddable":true,"href":"https:\/\/poke.com.ar\/en\/wp-json\/wp\/v2\/product_brand?post=2017"},{"taxonomy":"product_cat","embeddable":true,"href":"https:\/\/poke.com.ar\/en\/wp-json\/wp\/v2\/product_cat?post=2017"},{"taxonomy":"product_tag","embeddable":true,"href":"https:\/\/poke.com.ar\/en\/wp-json\/wp\/v2\/product_tag?post=2017"}],"curies":[{"name":"wp","href":"https:\/\/api.w.org\/{rel}","templated":true}]}}