{"id":2005,"date":"2026-05-06T21:20:33","date_gmt":"2026-05-06T21:20:33","guid":{"rendered":"https:\/\/poke.com.arREMOTE_TARGET\/tienda\/j-w-double-black-1-lt\/"},"modified":"2026-05-06T21:20:33","modified_gmt":"2026-05-06T21:20:33","slug":"j-w-double-black-1-lt","status":"publish","type":"product","link":"https:\/\/poke.com.ar\/en\/product\/j-w-double-black-1-lt\/","title":{"rendered":"J.W. Double Black 1 lt"},"content":{"rendered":"<p>Johnnie Walker Double Black es un whisky escoc\u00e9s mezclado atrevido e intenso, elaborado para lograr un sabor m\u00e1s profundo y ahumado.Espere una poderosa nariz de humo de turba, rica fruta y vainilla, con un toque especiado.En boca es con cuerpo y robusto, con un ahumado amplificado, complementado con notas de frutos secos, caramelo y un final largo y c\u00e1lido.Es una versi\u00f3n m\u00e1s intensa de Black Label, perfecta para quienes disfrutan de un whisky escoc\u00e9s m\u00e1s atrevido y ahumado.<\/p>","protected":false},"excerpt":{"rendered":"<p>Johnnie Walker Double Black es un whisky escoc\u00e9s mezclado intenso y rico, creado para aquellos que aprecian un perfil de sabor m\u00e1s audaz.Est\u00e1 elaborado a partir de una selecci\u00f3n de whiskies ahumados naturalmente y madurados en barricas de roble muy carbonizadas, lo que da como resultado un ahumado m\u00e1s intenso y amplificado en comparaci\u00f3n con el cl\u00e1sico Black Label.Double Black ofrece una experiencia potente y con mucho cuerpo, con notas de humo de turba, ricas frutas, vainilla y especias, que dan lugar a un final largo y c\u00e1lido.Es un testimonio de la experiencia en mezclas de Johnnie Walker, que proporciona una experiencia de whisky escoc\u00e9s m\u00e1s profunda y aventurera.<\/p>","protected":false},"featured_media":2007,"template":"","meta":{"_gspb_post_css":"","_joinchat":[]},"product_brand":[],"product_cat":[134],"product_tag":[],"class_list":{"0":"post-2005","1":"product","2":"type-product","3":"status-publish","4":"has-post-thumbnail","6":"product_cat-blend","8":"first","9":"onbackorder","10":"shipping-taxable","11":"purchasable","12":"product-type-simple"},"supplier_id":398,"supplier_sku":"","barcode":null,"atum_controlled":true,"out_stock_date":null,"out_stock_threshold":null,"inheritable":false,"inbound_stock":null,"stock_on_hold":0,"sold_today":0,"sales_last_days":0,"reserved_stock":null,"customer_returns":null,"warehouse_damage":null,"lost_in_post":null,"other_logs":null,"out_stock_days":0,"lost_sales":0,"has_location":null,"update_date":"2026-05-09T09:14:43","atum_locations":[],"atum_stock_status":"onbackorder","restock_status":false,"low_stock_amount":"","sales_update_date":"2026-05-09T09:14:43","calc_backorders":0,"_links":{"self":[{"href":"https:\/\/poke.com.ar\/en\/wp-json\/wp\/v2\/product\/2005","targetHints":{"allow":["GET"]}}],"collection":[{"href":"https:\/\/poke.com.ar\/en\/wp-json\/wp\/v2\/product"}],"about":[{"href":"https:\/\/poke.com.ar\/en\/wp-json\/wp\/v2\/types\/product"}],"wp:featuredmedia":[{"embeddable":true,"href":"https:\/\/poke.com.ar\/en\/wp-json\/wp\/v2\/media\/2007"}],"wp:attachment":[{"href":"https:\/\/poke.com.ar\/en\/wp-json\/wp\/v2\/media?parent=2005"}],"wp:term":[{"taxonomy":"product_brand","embeddable":true,"href":"https:\/\/poke.com.ar\/en\/wp-json\/wp\/v2\/product_brand?post=2005"},{"taxonomy":"product_cat","embeddable":true,"href":"https:\/\/poke.com.ar\/en\/wp-json\/wp\/v2\/product_cat?post=2005"},{"taxonomy":"product_tag","embeddable":true,"href":"https:\/\/poke.com.ar\/en\/wp-json\/wp\/v2\/product_tag?post=2005"}],"curies":[{"name":"wp","href":"https:\/\/api.w.org\/{rel}","templated":true}]}}