{"id":1987,"date":"2026-05-06T21:18:09","date_gmt":"2026-05-06T21:18:09","guid":{"rendered":"https:\/\/poke.com.arREMOTE_TARGET\/tienda\/dewars-8-rum-cask-finish-750-ml\/"},"modified":"2026-05-06T21:18:09","modified_gmt":"2026-05-06T21:18:09","slug":"dewars-8-rum-cask-finish-750-ml","status":"publish","type":"product","link":"https:\/\/poke.com.ar\/en\/product\/dewars-8-rum-cask-finish-750-ml\/","title":{"rendered":"Dewar\u2019s 8 Rum Cask Finish 750 ml"},"content":{"rendered":"<p>Dewar&#8217;s 8 a\u00f1os Caribbean Smooth Rum Cask Finish ofrece un perfil de sabor \u00fanico y ex\u00f3tico, influenciado por su acabado en barricas de ron caribe\u00f1o.Espere notas de az\u00facar moreno, frutas tropicales y caramelo, complementadas con la cl\u00e1sica suavidad del whisky escoc\u00e9s Dewar.En boca es rico y suave, con un car\u00e1cter dulce y afrutado, que conduce a un final c\u00e1lido y persistente con toques especiados.Es una deliciosa fusi\u00f3n de influencias de whisky escoc\u00e9s y ron caribe\u00f1o.<\/p>","protected":false},"excerpt":{"rendered":"<p>Dewar&#8217;s 8 a\u00f1os Caribbean Smooth Rum Cask Finish es un innovador whisky escoc\u00e9s mezclado que se somete a un proceso de acabado \u00fanico.Despu\u00e9s de a\u00f1ejar durante ocho a\u00f1os, este whisky escoc\u00e9s mezclado se termina en barricas de ron del Caribe.Esta maduraci\u00f3n secundaria imparte un dulzor tropical distintivo y un car\u00e1cter rico y suave al whisky, con notas de az\u00facar moreno, frutas tropicales y caramelo.Es una deliciosa fusi\u00f3n de artesan\u00eda escocesa y estilo caribe\u00f1o, que ofrece un whisky suave y accesible que es perfecto para quienes buscan una experiencia escocesa \u00fanica y sabrosa.<\/p>","protected":false},"featured_media":1989,"template":"","meta":{"_gspb_post_css":"","_joinchat":[]},"product_brand":[],"product_cat":[134],"product_tag":[],"class_list":{"0":"post-1987","1":"product","2":"type-product","3":"status-publish","4":"has-post-thumbnail","6":"product_cat-blend","8":"first","9":"onbackorder","10":"shipping-taxable","11":"purchasable","12":"product-type-simple"},"supplier_id":398,"supplier_sku":"","barcode":null,"atum_controlled":true,"out_stock_date":null,"out_stock_threshold":null,"inheritable":false,"inbound_stock":null,"stock_on_hold":0,"sold_today":0,"sales_last_days":0,"reserved_stock":null,"customer_returns":null,"warehouse_damage":null,"lost_in_post":null,"other_logs":null,"out_stock_days":0,"lost_sales":0,"has_location":null,"update_date":"2026-05-09T09:14:43","atum_locations":[],"atum_stock_status":"onbackorder","restock_status":false,"low_stock_amount":"","sales_update_date":"2026-05-09T09:14:43","calc_backorders":0,"_links":{"self":[{"href":"https:\/\/poke.com.ar\/en\/wp-json\/wp\/v2\/product\/1987","targetHints":{"allow":["GET"]}}],"collection":[{"href":"https:\/\/poke.com.ar\/en\/wp-json\/wp\/v2\/product"}],"about":[{"href":"https:\/\/poke.com.ar\/en\/wp-json\/wp\/v2\/types\/product"}],"wp:featuredmedia":[{"embeddable":true,"href":"https:\/\/poke.com.ar\/en\/wp-json\/wp\/v2\/media\/1989"}],"wp:attachment":[{"href":"https:\/\/poke.com.ar\/en\/wp-json\/wp\/v2\/media?parent=1987"}],"wp:term":[{"taxonomy":"product_brand","embeddable":true,"href":"https:\/\/poke.com.ar\/en\/wp-json\/wp\/v2\/product_brand?post=1987"},{"taxonomy":"product_cat","embeddable":true,"href":"https:\/\/poke.com.ar\/en\/wp-json\/wp\/v2\/product_cat?post=1987"},{"taxonomy":"product_tag","embeddable":true,"href":"https:\/\/poke.com.ar\/en\/wp-json\/wp\/v2\/product_tag?post=1987"}],"curies":[{"name":"wp","href":"https:\/\/api.w.org\/{rel}","templated":true}]}}