{"id":1981,"date":"2026-05-06T21:17:21","date_gmt":"2026-05-06T21:17:21","guid":{"rendered":"https:\/\/poke.com.arREMOTE_TARGET\/tienda\/crown-royal-rye-1-lt\/"},"modified":"2026-05-06T21:17:21","modified_gmt":"2026-05-06T21:17:21","slug":"crown-royal-rye-1-lt","status":"publish","type":"product","link":"https:\/\/poke.com.ar\/en\/product\/crown-royal-rye-1-lt\/","title":{"rendered":"Crown Royal Rye 1 lt"},"content":{"rendered":"<p>Crown Royal Northern Harvest Rye ofrece un perfil de sabor especiado y robusto, que muestra el prominente grano de centeno en su pur\u00e9.Espere notas de especias para hornear, vainilla y frutas, con una textura cremosa y un final largo y c\u00e1lido que resalta la complejidad del centeno.Es un whisky de centeno canadiense atrevido y sabroso, perfecto para quienes disfrutan de un licor m\u00e1s especiado.<\/p>","protected":false},"excerpt":{"rendered":"<p>Crown Royal Northern Harvest Rye es un whisky canadiense innovador que fue nombrado whisky mundial del a\u00f1o en la Whisky Bible de Jim Murray 2016. Esta expresi\u00f3n est\u00e1 elaborada con un pur\u00e9 de 90% de centeno, lo que lo convierte en un verdadero whisky de centeno que ofrece un perfil de sabor distintivamente especiado y robusto.Ofrece notas de especias para hornear, vainilla y frutas, con una textura cremosa y un final largo y c\u00e1lido.Crown Royal Northern Harvest Rye es un testimonio de la versatilidad y calidad del whisky canadiense, y atrae tanto a los entusiastas del centeno como a aquellos que buscan un licor sabroso y complejo.<\/p>","protected":false},"featured_media":1983,"template":"","meta":{"_gspb_post_css":"","_joinchat":[]},"product_brand":[],"product_cat":[134],"product_tag":[],"class_list":{"0":"post-1981","1":"product","2":"type-product","3":"status-publish","4":"has-post-thumbnail","6":"product_cat-blend","8":"first","9":"onbackorder","10":"shipping-taxable","11":"purchasable","12":"product-type-simple"},"supplier_id":398,"supplier_sku":"","barcode":null,"atum_controlled":true,"out_stock_date":null,"out_stock_threshold":null,"inheritable":false,"inbound_stock":null,"stock_on_hold":0,"sold_today":0,"sales_last_days":0,"reserved_stock":null,"customer_returns":null,"warehouse_damage":null,"lost_in_post":null,"other_logs":null,"out_stock_days":0,"lost_sales":0,"has_location":null,"update_date":"2026-05-09T09:14:43","atum_locations":[],"atum_stock_status":"onbackorder","restock_status":false,"low_stock_amount":"","sales_update_date":"2026-05-09T09:14:43","calc_backorders":0,"_links":{"self":[{"href":"https:\/\/poke.com.ar\/en\/wp-json\/wp\/v2\/product\/1981","targetHints":{"allow":["GET"]}}],"collection":[{"href":"https:\/\/poke.com.ar\/en\/wp-json\/wp\/v2\/product"}],"about":[{"href":"https:\/\/poke.com.ar\/en\/wp-json\/wp\/v2\/types\/product"}],"wp:featuredmedia":[{"embeddable":true,"href":"https:\/\/poke.com.ar\/en\/wp-json\/wp\/v2\/media\/1983"}],"wp:attachment":[{"href":"https:\/\/poke.com.ar\/en\/wp-json\/wp\/v2\/media?parent=1981"}],"wp:term":[{"taxonomy":"product_brand","embeddable":true,"href":"https:\/\/poke.com.ar\/en\/wp-json\/wp\/v2\/product_brand?post=1981"},{"taxonomy":"product_cat","embeddable":true,"href":"https:\/\/poke.com.ar\/en\/wp-json\/wp\/v2\/product_cat?post=1981"},{"taxonomy":"product_tag","embeddable":true,"href":"https:\/\/poke.com.ar\/en\/wp-json\/wp\/v2\/product_tag?post=1981"}],"curies":[{"name":"wp","href":"https:\/\/api.w.org\/{rel}","templated":true}]}}