{"id":1975,"date":"2026-05-06T21:16:34","date_gmt":"2026-05-06T21:16:34","guid":{"rendered":"https:\/\/poke.com.arREMOTE_TARGET\/tienda\/crown-royal-apple-1-lt\/"},"modified":"2026-05-06T21:16:34","modified_gmt":"2026-05-06T21:16:34","slug":"crown-royal-apple-1-lt","status":"publish","type":"product","link":"https:\/\/poke.com.ar\/en\/product\/crown-royal-apple-1-lt\/","title":{"rendered":"Crown Royal Apple 1 lt"},"content":{"rendered":"<p>Crown Royal Apple ofrece un perfil de sabor fresco y dulce, combinando la suavidad del whisky canadiense Crown Royal con el refrescante sabor de la manzana verde.Espere notas destacadas de manzana crujiente, caramelo y vainilla, con un toque especiado.En boca es dulce y afrutado, con un final suave que resulta a la vez refrescante y satisfactorio.Es un whisky de sabor vibrante y accesible, perfecto para mezclar o disfrutar fr\u00edo.<\/p>","protected":false},"excerpt":{"rendered":"<p>El whisky con sabor a manzana Crown Royal es una expresi\u00f3n popular y refrescante de la familia Crown Royal, que combina la suavidad de su exclusivo whisky canadiense con el sabor dulce y fresco de la manzana verde.Este whisky aromatizado se elabora infundiendo whisky Fine De Luxe de Crown Royal con sabores naturales de manzana, lo que da como resultado un esp\u00edritu vibrante y accesible.Ofrece un perfil equilibrado de manzana dulce, caramelo y vainilla, lo que lo convierte en una excelente opci\u00f3n para beber fr\u00edo, con hielo o como ingrediente clave en una variedad de c\u00f3cteles.Crown Royal Apple ha ganado gran popularidad por su car\u00e1cter delicioso y vers\u00e1til.<\/p>","protected":false},"featured_media":1977,"template":"","meta":{"_gspb_post_css":"","_joinchat":[]},"product_brand":[],"product_cat":[134],"product_tag":[],"class_list":{"0":"post-1975","1":"product","2":"type-product","3":"status-publish","4":"has-post-thumbnail","6":"product_cat-blend","8":"first","9":"onbackorder","10":"shipping-taxable","11":"purchasable","12":"product-type-simple"},"supplier_id":398,"supplier_sku":"","barcode":null,"atum_controlled":true,"out_stock_date":null,"out_stock_threshold":null,"inheritable":false,"inbound_stock":null,"stock_on_hold":0,"sold_today":0,"sales_last_days":0,"reserved_stock":null,"customer_returns":null,"warehouse_damage":null,"lost_in_post":null,"other_logs":null,"out_stock_days":0,"lost_sales":0,"has_location":null,"update_date":"2026-05-09T09:14:43","atum_locations":[],"atum_stock_status":"onbackorder","restock_status":false,"low_stock_amount":"","sales_update_date":"2026-05-09T09:14:43","calc_backorders":0,"_links":{"self":[{"href":"https:\/\/poke.com.ar\/en\/wp-json\/wp\/v2\/product\/1975","targetHints":{"allow":["GET"]}}],"collection":[{"href":"https:\/\/poke.com.ar\/en\/wp-json\/wp\/v2\/product"}],"about":[{"href":"https:\/\/poke.com.ar\/en\/wp-json\/wp\/v2\/types\/product"}],"wp:featuredmedia":[{"embeddable":true,"href":"https:\/\/poke.com.ar\/en\/wp-json\/wp\/v2\/media\/1977"}],"wp:attachment":[{"href":"https:\/\/poke.com.ar\/en\/wp-json\/wp\/v2\/media?parent=1975"}],"wp:term":[{"taxonomy":"product_brand","embeddable":true,"href":"https:\/\/poke.com.ar\/en\/wp-json\/wp\/v2\/product_brand?post=1975"},{"taxonomy":"product_cat","embeddable":true,"href":"https:\/\/poke.com.ar\/en\/wp-json\/wp\/v2\/product_cat?post=1975"},{"taxonomy":"product_tag","embeddable":true,"href":"https:\/\/poke.com.ar\/en\/wp-json\/wp\/v2\/product_tag?post=1975"}],"curies":[{"name":"wp","href":"https:\/\/api.w.org\/{rel}","templated":true}]}}