{"id":1956,"date":"2026-05-06T21:14:09","date_gmt":"2026-05-06T21:14:09","guid":{"rendered":"https:\/\/poke.com.arREMOTE_TARGET\/tienda\/woodford-reserve-double-oaked-1-lt\/"},"modified":"2026-05-06T21:14:09","modified_gmt":"2026-05-06T21:14:09","slug":"woodford-reserve-double-oaked-1-lt","status":"publish","type":"product","link":"https:\/\/poke.com.ar\/en\/product\/woodford-reserve-double-oaked-1-lt\/","title":{"rendered":"Woodford Reserve Double Oaked 1 lt"},"content":{"rendered":"<p>Woodford Reserve Double Oaked ofrece una experiencia m\u00e1s rica y dulce que el original, gracias a su proceso de envejecimiento \u00fanico.Espere notas intensas de frutos negros, caramelo, miel, chocolate y roble tostado.En boca es con mucho cuerpo y cremoso, con un dulzor lujoso y toques de vainilla y especias.El final es largo y c\u00e1lido, con notas persistentes de roble y una deliciosa dulzura.Es un bourbon decadente con mayor profundidad y complejidad.<\/p>","protected":false},"excerpt":{"rendered":"<p>Woodford Reserve Double Oaked es una expresi\u00f3n \u00fanica del whisky Kentucky Straight Bourbon que se somete a un proceso de maduraci\u00f3n distintivo.Despu\u00e9s de su envejecimiento inicial en barricas de roble nuevas carbonizadas, el whisky se transfiere a una segunda barrica de roble nueva, muy tostada pero ligeramente carbonizada.Este proceso de envejecimiento secundario, conocido como \u00abdoble roble\u00bb, imparte un perfil de sabor significativamente m\u00e1s rico y dulce, con notas realzadas de frutos negros, caramelo y roble tostado.El resultado es un bourbon con una profundidad, complejidad y una sensaci\u00f3n en boca lujosa excepcionales, lo que lo convierte en el favorito entre quienes aprecian una experiencia de whisky m\u00e1s dulce e intensa.<\/p>","protected":false},"featured_media":1958,"template":"","meta":{"_gspb_post_css":"","_joinchat":[]},"product_brand":[],"product_cat":[133],"product_tag":[],"class_list":{"0":"post-1956","1":"product","2":"type-product","3":"status-publish","4":"has-post-thumbnail","6":"product_cat-bourbon","8":"first","9":"onbackorder","10":"shipping-taxable","11":"purchasable","12":"product-type-simple"},"supplier_id":398,"supplier_sku":"","barcode":null,"atum_controlled":true,"out_stock_date":null,"out_stock_threshold":null,"inheritable":false,"inbound_stock":null,"stock_on_hold":0,"sold_today":0,"sales_last_days":0,"reserved_stock":null,"customer_returns":null,"warehouse_damage":null,"lost_in_post":null,"other_logs":null,"out_stock_days":0,"lost_sales":0,"has_location":null,"update_date":"2026-05-09T09:14:45","atum_locations":[],"atum_stock_status":"onbackorder","restock_status":false,"low_stock_amount":"","sales_update_date":"2026-05-09T09:14:45","calc_backorders":0,"_links":{"self":[{"href":"https:\/\/poke.com.ar\/en\/wp-json\/wp\/v2\/product\/1956","targetHints":{"allow":["GET"]}}],"collection":[{"href":"https:\/\/poke.com.ar\/en\/wp-json\/wp\/v2\/product"}],"about":[{"href":"https:\/\/poke.com.ar\/en\/wp-json\/wp\/v2\/types\/product"}],"wp:featuredmedia":[{"embeddable":true,"href":"https:\/\/poke.com.ar\/en\/wp-json\/wp\/v2\/media\/1958"}],"wp:attachment":[{"href":"https:\/\/poke.com.ar\/en\/wp-json\/wp\/v2\/media?parent=1956"}],"wp:term":[{"taxonomy":"product_brand","embeddable":true,"href":"https:\/\/poke.com.ar\/en\/wp-json\/wp\/v2\/product_brand?post=1956"},{"taxonomy":"product_cat","embeddable":true,"href":"https:\/\/poke.com.ar\/en\/wp-json\/wp\/v2\/product_cat?post=1956"},{"taxonomy":"product_tag","embeddable":true,"href":"https:\/\/poke.com.ar\/en\/wp-json\/wp\/v2\/product_tag?post=1956"}],"curies":[{"name":"wp","href":"https:\/\/api.w.org\/{rel}","templated":true}]}}