{"id":1947,"date":"2026-05-06T21:12:58","date_gmt":"2026-05-06T21:12:58","guid":{"rendered":"https:\/\/poke.com.arREMOTE_TARGET\/tienda\/jack-daniels-american-single-malt-1-lt\/"},"modified":"2026-05-06T21:12:58","modified_gmt":"2026-05-06T21:12:58","slug":"jack-daniels-american-single-malt-1-lt","status":"publish","type":"product","link":"https:\/\/poke.com.ar\/en\/product\/jack-daniels-american-single-malt-1-lt\/","title":{"rendered":"Jack Daniels American Single Malt 1 lt"},"content":{"rendered":"<p>Jack Daniel&#8217;s American Single Malt es una nueva expresi\u00f3n de la marca que ofrece un perfil de sabor \u00fanico.Est\u00e1 elaborado 100% con cebada malteada y suavizado con carb\u00f3n, luego envejecido en barricas nuevas de roble americano carbonizadas y terminado en barricas de jerez oloroso.Este proceso imparte notas de chocolate amargo, bayas y un toque de roble, con un final suave y persistente.Espere un sabor rico y complejo con un equilibrio de dulzura y especias.<\/p>","protected":false},"excerpt":{"rendered":"<p>Jack Daniel&#8217;s American Single Malt es una expresi\u00f3n nueva e innovadora de la ic\u00f3nica destiler\u00eda de whisky de Tennessee.Est\u00e1 elaborado 100% con cebada malteada, una desviaci\u00f3n del tradicional pur\u00e9 a base de ma\u00edz.El whisky se somete al proceso de suavizado con carb\u00f3n caracter\u00edstico de la marca antes de envejecer en barricas nuevas de roble americano carbonizadas.Una caracter\u00edstica distintiva de este single malt es su per\u00edodo de acabado en barricas de jerez oloroso, lo que contribuye a su profundidad y complejidad \u00fanicas.Este lanzamiento marca un paso significativo para Jack Daniel&#8217;s hacia la categor\u00eda American Single Malt, ofreciendo un whisky que es a la vez familiar en su suavidad y distintivo en su car\u00e1cter.<\/p>","protected":false},"featured_media":1949,"template":"","meta":{"_gspb_post_css":"","_joinchat":[]},"product_brand":[],"product_cat":[133],"product_tag":[],"class_list":{"0":"post-1947","1":"product","2":"type-product","3":"status-publish","4":"has-post-thumbnail","6":"product_cat-bourbon","8":"first","9":"onbackorder","10":"shipping-taxable","11":"purchasable","12":"product-type-simple"},"supplier_id":398,"supplier_sku":"","barcode":null,"atum_controlled":true,"out_stock_date":null,"out_stock_threshold":null,"inheritable":false,"inbound_stock":null,"stock_on_hold":0,"sold_today":0,"sales_last_days":0,"reserved_stock":null,"customer_returns":null,"warehouse_damage":null,"lost_in_post":null,"other_logs":null,"out_stock_days":0,"lost_sales":0,"has_location":null,"update_date":"2026-05-09T09:14:45","atum_locations":[],"atum_stock_status":"onbackorder","restock_status":false,"low_stock_amount":"","sales_update_date":"2026-05-09T09:14:45","calc_backorders":0,"_links":{"self":[{"href":"https:\/\/poke.com.ar\/en\/wp-json\/wp\/v2\/product\/1947","targetHints":{"allow":["GET"]}}],"collection":[{"href":"https:\/\/poke.com.ar\/en\/wp-json\/wp\/v2\/product"}],"about":[{"href":"https:\/\/poke.com.ar\/en\/wp-json\/wp\/v2\/types\/product"}],"wp:featuredmedia":[{"embeddable":true,"href":"https:\/\/poke.com.ar\/en\/wp-json\/wp\/v2\/media\/1949"}],"wp:attachment":[{"href":"https:\/\/poke.com.ar\/en\/wp-json\/wp\/v2\/media?parent=1947"}],"wp:term":[{"taxonomy":"product_brand","embeddable":true,"href":"https:\/\/poke.com.ar\/en\/wp-json\/wp\/v2\/product_brand?post=1947"},{"taxonomy":"product_cat","embeddable":true,"href":"https:\/\/poke.com.ar\/en\/wp-json\/wp\/v2\/product_cat?post=1947"},{"taxonomy":"product_tag","embeddable":true,"href":"https:\/\/poke.com.ar\/en\/wp-json\/wp\/v2\/product_tag?post=1947"}],"curies":[{"name":"wp","href":"https:\/\/api.w.org\/{rel}","templated":true}]}}