{"id":1941,"date":"2026-05-06T21:12:09","date_gmt":"2026-05-06T21:12:09","guid":{"rendered":"https:\/\/poke.com.arREMOTE_TARGET\/tienda\/jack-daniels-bonded-rye-1-lt\/"},"modified":"2026-05-06T21:12:09","modified_gmt":"2026-05-06T21:12:09","slug":"jack-daniels-bonded-rye-1-lt","status":"publish","type":"product","link":"https:\/\/poke.com.ar\/en\/product\/jack-daniels-bonded-rye-1-lt\/","title":{"rendered":"Jack Daniels Bonded Rye 1 lt"},"content":{"rendered":"<p>Nariz: Espere una tentadora mezcla de frutas dulces y suaves, canela, jengibre, clavo, vainilla, cedro y chocolate.Algunos cr\u00edticos tambi\u00e9n detectan pino, hierba reci\u00e9n cortada, t\u00e9 de hierbas, manzanas verdes, madera, arce, pimienta molida, moras dulces y un suave aroma a pl\u00e1tano flambeado.Boca: Presenta un car\u00e1cter audaz y especiado equilibrado con notas m\u00e1s dulces de caramelo, frutos secos, chocolate, vainilla, ralladura de c\u00edtricos, cacao y roble.Otras descripciones incluyen especias picantes de canela y clavo, chips de pl\u00e1tano, tinta de calamar, pimienta negra, miel, agujas de pino y menta.Final: El final es t\u00edpicamente de longitud media y c\u00e1lido, con notas persistentes de roble, almendra, especias para hornear, un toque de pl\u00e1tano, pimienta negra, chile picante, caramelo, vainilla, az\u00facar moreno, arce, c\u00edtricos y una nota refrescante de mentol.<\/p>","protected":false},"excerpt":{"rendered":"<p>Jack Daniel&#8217;s Bonded Rye es una expresi\u00f3n permanente de la serie Bonded de la marca, presentada en septiembre de 2023. Se adhiere a la Ley Bottled-in-Bond de 1897, lo que significa que lo elabora un solo destilador de una sola temporada de destilaci\u00f3n, envejecido durante un m\u00ednimo de cuatro a\u00f1os en una casa de barricas unida por el gobierno federal y embotellado a 100 grados (50% ABV).Las caracter\u00edsticas clave incluyen un pur\u00e9 de 70% de centeno, 18% de ma\u00edz y 12% de cebada malteada.Se suaviza con carb\u00f3n (proceso del condado de Lincoln) antes de envejecer en barricas nuevas de roble blanco americano hechas a mano.Se describe como audaz, complejo y equilibrado con un final especiado de centeno.Se considera vers\u00e1til, se bebe bien solo y tiene un buen rendimiento en c\u00f3cteles.<\/p>","protected":false},"featured_media":1943,"template":"","meta":{"_gspb_post_css":"","_joinchat":[]},"product_brand":[],"product_cat":[133],"product_tag":[],"class_list":{"0":"post-1941","1":"product","2":"type-product","3":"status-publish","4":"has-post-thumbnail","6":"product_cat-bourbon","8":"first","9":"onbackorder","10":"shipping-taxable","11":"purchasable","12":"product-type-simple"},"supplier_id":398,"supplier_sku":"","barcode":null,"atum_controlled":true,"out_stock_date":null,"out_stock_threshold":null,"inheritable":false,"inbound_stock":null,"stock_on_hold":0,"sold_today":0,"sales_last_days":0,"reserved_stock":null,"customer_returns":null,"warehouse_damage":null,"lost_in_post":null,"other_logs":null,"out_stock_days":0,"lost_sales":0,"has_location":null,"update_date":"2026-05-09T09:14:45","atum_locations":[],"atum_stock_status":"onbackorder","restock_status":false,"low_stock_amount":"","sales_update_date":"2026-05-09T09:14:45","calc_backorders":0,"_links":{"self":[{"href":"https:\/\/poke.com.ar\/en\/wp-json\/wp\/v2\/product\/1941","targetHints":{"allow":["GET"]}}],"collection":[{"href":"https:\/\/poke.com.ar\/en\/wp-json\/wp\/v2\/product"}],"about":[{"href":"https:\/\/poke.com.ar\/en\/wp-json\/wp\/v2\/types\/product"}],"wp:featuredmedia":[{"embeddable":true,"href":"https:\/\/poke.com.ar\/en\/wp-json\/wp\/v2\/media\/1943"}],"wp:attachment":[{"href":"https:\/\/poke.com.ar\/en\/wp-json\/wp\/v2\/media?parent=1941"}],"wp:term":[{"taxonomy":"product_brand","embeddable":true,"href":"https:\/\/poke.com.ar\/en\/wp-json\/wp\/v2\/product_brand?post=1941"},{"taxonomy":"product_cat","embeddable":true,"href":"https:\/\/poke.com.ar\/en\/wp-json\/wp\/v2\/product_cat?post=1941"},{"taxonomy":"product_tag","embeddable":true,"href":"https:\/\/poke.com.ar\/en\/wp-json\/wp\/v2\/product_tag?post=1941"}],"curies":[{"name":"wp","href":"https:\/\/api.w.org\/{rel}","templated":true}]}}