{"id":1938,"date":"2026-05-06T21:11:45","date_gmt":"2026-05-06T21:11:45","guid":{"rendered":"https:\/\/poke.com.arREMOTE_TARGET\/tienda\/jack-daniels-bonded-1-lt\/"},"modified":"2026-05-06T21:11:45","modified_gmt":"2026-05-06T21:11:45","slug":"jack-daniels-bonded-1-lt","status":"publish","type":"product","link":"https:\/\/poke.com.ar\/en\/product\/jack-daniels-bonded-1-lt\/","title":{"rendered":"Jack Daniels Bonded 1 lt"},"content":{"rendered":"<p>Aroma: Se detecta un aroma m\u00e1s intenso y complejo que el cl\u00e1sico Old No. 7. Predominan notas de caramelo tostado, vainilla profunda y un roble m\u00e1s pronunciado. Tambi\u00e9n se asoman toques de frutos secos, como almendras, y un dulzor afrutado que recuerda a manzanas cocidas o cerezas, con un ligero matiz de especias dulces. Sabor: En boca, es audaz y con mucho cuerpo, pero sorprendentemente suave para su graduaci\u00f3n. La dulzura del caramelo y la vainilla se entrelaza con notas ricas de roble carbonizado, chocolate oscuro y un toque de caf\u00e9. Hay una presencia especiada, como pimienta blanca o canela, que le da un toque vibrante. Es un sabor que te envuelve y se despliega en capas. Maridaje sugerido por P\u00f3ke Un buen corte de carne asada, un estofado de cocci\u00f3n lenta o costillas ahumadas se complementar\u00e1n maravillosamente con su robustez.<\/p>","protected":false},"excerpt":{"rendered":"<p>Jack Daniels Bonded es un Tennessee Whiskey muy especial, que se adhiere a las estrictas reglas del \u00abBottled-in-Bond\u00bb (Embotellado en Dep\u00f3sito). Esto significa que ha sido producido por un solo destilador, en una sola temporada de destilaci\u00f3n, envejecido por al menos cuatro a\u00f1os en un almac\u00e9n federal supervisado, \u00a1y embotellado con un robusto 50% de alcohol (100 proof)! Es como un oso adulto, m\u00e1s fuerte y con m\u00e1s experiencia que los j\u00f3venes. Mantiene la suavidad caracter\u00edstica de Jack Daniel&#8217;s gracias al filtrado con carb\u00f3n de arce, pero su mayor graduaci\u00f3n y tiempo en barrica le otorgan una profundidad y riqueza de sabor mucho m\u00e1s pronunciada, m\u00e1s robusta y compleja.<\/p>","protected":false},"featured_media":1940,"template":"","meta":{"_gspb_post_css":"","_joinchat":[]},"product_brand":[],"product_cat":[133],"product_tag":[],"class_list":{"0":"post-1938","1":"product","2":"type-product","3":"status-publish","4":"has-post-thumbnail","6":"product_cat-bourbon","8":"first","9":"onbackorder","10":"shipping-taxable","11":"purchasable","12":"product-type-simple"},"supplier_id":398,"supplier_sku":"","barcode":null,"atum_controlled":true,"out_stock_date":null,"out_stock_threshold":null,"inheritable":false,"inbound_stock":null,"stock_on_hold":0,"sold_today":0,"sales_last_days":0,"reserved_stock":null,"customer_returns":null,"warehouse_damage":null,"lost_in_post":null,"other_logs":null,"out_stock_days":0,"lost_sales":0,"has_location":null,"update_date":"2026-05-09T09:14:44","atum_locations":[],"atum_stock_status":"onbackorder","restock_status":false,"low_stock_amount":"","sales_update_date":"2026-05-09T09:14:44","calc_backorders":0,"_links":{"self":[{"href":"https:\/\/poke.com.ar\/en\/wp-json\/wp\/v2\/product\/1938","targetHints":{"allow":["GET"]}}],"collection":[{"href":"https:\/\/poke.com.ar\/en\/wp-json\/wp\/v2\/product"}],"about":[{"href":"https:\/\/poke.com.ar\/en\/wp-json\/wp\/v2\/types\/product"}],"wp:featuredmedia":[{"embeddable":true,"href":"https:\/\/poke.com.ar\/en\/wp-json\/wp\/v2\/media\/1940"}],"wp:attachment":[{"href":"https:\/\/poke.com.ar\/en\/wp-json\/wp\/v2\/media?parent=1938"}],"wp:term":[{"taxonomy":"product_brand","embeddable":true,"href":"https:\/\/poke.com.ar\/en\/wp-json\/wp\/v2\/product_brand?post=1938"},{"taxonomy":"product_cat","embeddable":true,"href":"https:\/\/poke.com.ar\/en\/wp-json\/wp\/v2\/product_cat?post=1938"},{"taxonomy":"product_tag","embeddable":true,"href":"https:\/\/poke.com.ar\/en\/wp-json\/wp\/v2\/product_tag?post=1938"}],"curies":[{"name":"wp","href":"https:\/\/api.w.org\/{rel}","templated":true}]}}