{"id":1935,"date":"2026-05-06T21:11:22","date_gmt":"2026-05-06T21:11:22","guid":{"rendered":"https:\/\/poke.com.arREMOTE_TARGET\/tienda\/jack-daniels-sweet-oaky-500-ml\/"},"modified":"2026-05-06T21:11:22","modified_gmt":"2026-05-06T21:11:22","slug":"jack-daniels-sweet-oaky-500-ml","status":"publish","type":"product","link":"https:\/\/poke.com.ar\/en\/product\/jack-daniels-sweet-oaky-500-ml\/","title":{"rendered":"Jack Daniels Sweet &#038; Oaky 500 ml"},"content":{"rendered":"<p>Nariz: Aromas de caramelo, vainilla y roble tostado llenan la nariz, con toques de arce, grosella negra, lim\u00f3n y corteza de pan. Paladar: El paladar ofrece un car\u00e1cter equilibrado, con notas de manzanas dulces, vainilla cremosa, roble suave, miel, rollo de canela, toffee de nuez y un poco de chocolate\/caf\u00e9. Se concentra en un equilibrio de dulzura y roble en el paladar medio. Final: El final es suave, largo, cremoso y limpio, con notas persistentes de caramelo de arce azucarado, ma\u00edz con mantequilla, canela y roble.<\/p>","protected":false},"excerpt":{"rendered":"<p>Jack Daniel&#8217;s Tennessee Travelers Sweet &#038; Oaky es un complejo whiskey de Tennessee, embotellado a 107 proof (53.5% ABV) y presentado en una botella de 500 ml. Est\u00e1 elaborado con una mezcla de 80% ma\u00edz, 12% cebada y 8% centeno, y envejecido en barricas nuevas de roble americano carbonizado. Esta expresi\u00f3n forma parte de la serie Tennessee Travelers, que rinde homenaje al deseo de Jack Daniel de explorar el mundo de los sabores que se encuentran en los whiskeys elaborados en la destiler\u00eda Jack Daniel.<\/p>","protected":false},"featured_media":1937,"template":"","meta":{"_gspb_post_css":"","_joinchat":[]},"product_brand":[],"product_cat":[133],"product_tag":[],"class_list":{"0":"post-1935","1":"product","2":"type-product","3":"status-publish","4":"has-post-thumbnail","6":"product_cat-bourbon","8":"first","9":"onbackorder","10":"shipping-taxable","11":"purchasable","12":"product-type-simple"},"supplier_id":398,"supplier_sku":"","barcode":null,"atum_controlled":true,"out_stock_date":null,"out_stock_threshold":null,"inheritable":false,"inbound_stock":null,"stock_on_hold":0,"sold_today":0,"sales_last_days":0,"reserved_stock":null,"customer_returns":null,"warehouse_damage":null,"lost_in_post":null,"other_logs":null,"out_stock_days":0,"lost_sales":0,"has_location":null,"update_date":"2026-05-09T09:14:44","atum_locations":[],"atum_stock_status":"onbackorder","restock_status":false,"low_stock_amount":"","sales_update_date":"2026-05-09T09:14:44","calc_backorders":0,"_links":{"self":[{"href":"https:\/\/poke.com.ar\/en\/wp-json\/wp\/v2\/product\/1935","targetHints":{"allow":["GET"]}}],"collection":[{"href":"https:\/\/poke.com.ar\/en\/wp-json\/wp\/v2\/product"}],"about":[{"href":"https:\/\/poke.com.ar\/en\/wp-json\/wp\/v2\/types\/product"}],"wp:featuredmedia":[{"embeddable":true,"href":"https:\/\/poke.com.ar\/en\/wp-json\/wp\/v2\/media\/1937"}],"wp:attachment":[{"href":"https:\/\/poke.com.ar\/en\/wp-json\/wp\/v2\/media?parent=1935"}],"wp:term":[{"taxonomy":"product_brand","embeddable":true,"href":"https:\/\/poke.com.ar\/en\/wp-json\/wp\/v2\/product_brand?post=1935"},{"taxonomy":"product_cat","embeddable":true,"href":"https:\/\/poke.com.ar\/en\/wp-json\/wp\/v2\/product_cat?post=1935"},{"taxonomy":"product_tag","embeddable":true,"href":"https:\/\/poke.com.ar\/en\/wp-json\/wp\/v2\/product_tag?post=1935"}],"curies":[{"name":"wp","href":"https:\/\/api.w.org\/{rel}","templated":true}]}}