{"id":1932,"date":"2026-05-06T21:10:59","date_gmt":"2026-05-06T21:10:59","guid":{"rendered":"https:\/\/poke.com.arREMOTE_TARGET\/tienda\/jack-daniels-100-proof-1-lt\/"},"modified":"2026-05-06T21:10:59","modified_gmt":"2026-05-06T21:10:59","slug":"jack-daniels-100-proof-1-lt","status":"publish","type":"product","link":"https:\/\/poke.com.ar\/en\/product\/jack-daniels-100-proof-1-lt\/","title":{"rendered":"Jack Daniels 100 Proof 1 lt"},"content":{"rendered":"<p>Nariz: Fruta cocida espolvoreada con canela, az\u00facar moreno tostado y almendra. Caramelo dulce y pan de pl\u00e1tano con nueces. Dulce y avainillado, con madera tostada y cereza. Roble tostado, dulce de leche y un toque de caf\u00e9. Ma\u00edz, vainilla, miel, pimienta. Crema de vainilla y pl\u00e1tano tostado. Paladar: Manzana verde y pl\u00e1tano frito, combinados con sirope de arce y pimienta negra picante. Extremadamente dulce, picante con notas de vainilla y caramelo, regusto amargo, notas de frutos secos, principalmente almendra. Calidez de la pimienta, toque de tabaco y notas finales de vainilla. Potente y untuoso. Dulce, suave y meloso, muy equilibrado. Notas de caramelo con un poco de sirope de arce, Bananas Foster y nueces pecanas tostadas, un ligero toque de roble. Pan de pl\u00e1tano suave con helado de vainilla, chocolate con leche, salsa de caramelo ligera y una agradable sequedad amaderada. Final: Roble y toffee. Largo y c\u00e1lido. M\u00e1s largo de lo habitual. Final de duraci\u00f3n media con pimienta negra reci\u00e9n molida y pan reci\u00e9n horneado. Final persistente con caramelo, roble rico y especias. Suave y persistente.<\/p>","protected":false},"excerpt":{"rendered":"<p>Jack Daniel&#8217;s 100 Proof se embotella a 100 proof (50% ABV) y cumple con las normas de la Ley Bottled in Bond de 1897. Fue lanzado originalmente para el mercado de Travel Retail (tiendas libres de impuestos). El mayor contenido de alcohol resalta las notas de frutas brillantes y especias de roble. Se describe como una experiencia m\u00e1s intensa y robusta que el t\u00edpico whiskey de Tennessee, ofreciendo una versi\u00f3n m\u00e1s aut\u00e9ntica del cl\u00e1sico.<\/p>","protected":false},"featured_media":1934,"template":"","meta":{"_gspb_post_css":"","_joinchat":[]},"product_brand":[],"product_cat":[133],"product_tag":[],"class_list":{"0":"post-1932","1":"product","2":"type-product","3":"status-publish","4":"has-post-thumbnail","6":"product_cat-bourbon","8":"first","9":"onbackorder","10":"shipping-taxable","11":"purchasable","12":"product-type-simple"},"supplier_id":398,"supplier_sku":"","barcode":null,"atum_controlled":true,"out_stock_date":null,"out_stock_threshold":null,"inheritable":false,"inbound_stock":null,"stock_on_hold":0,"sold_today":0,"sales_last_days":0,"reserved_stock":null,"customer_returns":null,"warehouse_damage":null,"lost_in_post":null,"other_logs":null,"out_stock_days":0,"lost_sales":0,"has_location":null,"update_date":"2026-05-09T09:14:45","atum_locations":[],"atum_stock_status":"onbackorder","restock_status":false,"low_stock_amount":"","sales_update_date":"2026-05-09T09:14:45","calc_backorders":0,"_links":{"self":[{"href":"https:\/\/poke.com.ar\/en\/wp-json\/wp\/v2\/product\/1932","targetHints":{"allow":["GET"]}}],"collection":[{"href":"https:\/\/poke.com.ar\/en\/wp-json\/wp\/v2\/product"}],"about":[{"href":"https:\/\/poke.com.ar\/en\/wp-json\/wp\/v2\/types\/product"}],"wp:featuredmedia":[{"embeddable":true,"href":"https:\/\/poke.com.ar\/en\/wp-json\/wp\/v2\/media\/1934"}],"wp:attachment":[{"href":"https:\/\/poke.com.ar\/en\/wp-json\/wp\/v2\/media?parent=1932"}],"wp:term":[{"taxonomy":"product_brand","embeddable":true,"href":"https:\/\/poke.com.ar\/en\/wp-json\/wp\/v2\/product_brand?post=1932"},{"taxonomy":"product_cat","embeddable":true,"href":"https:\/\/poke.com.ar\/en\/wp-json\/wp\/v2\/product_cat?post=1932"},{"taxonomy":"product_tag","embeddable":true,"href":"https:\/\/poke.com.ar\/en\/wp-json\/wp\/v2\/product_tag?post=1932"}],"curies":[{"name":"wp","href":"https:\/\/api.w.org\/{rel}","templated":true}]}}