{"id":1899,"date":"2026-05-06T21:06:55","date_gmt":"2026-05-06T21:06:55","guid":{"rendered":"https:\/\/poke.com.arREMOTE_TARGET\/tienda\/pommery-grand-cru-vintage-750-ml\/"},"modified":"2026-05-06T21:06:55","modified_gmt":"2026-05-06T21:06:55","slug":"pommery-grand-cru-vintage-750-ml","status":"publish","type":"product","link":"https:\/\/poke.com.ar\/en\/product\/pommery-grand-cru-vintage-750-ml\/","title":{"rendered":"Pommery Grand Cru Vintage 750 ml"},"content":{"rendered":"<p>Vista: Presenta un intenso color oro con reflejos verdosos y una burbuja fina y persistente, denotando elegancia y madurez. Nariz: Ofrece aromas elegantes, discretos y muy frescos. Se perciben notas florales (madreselva, flor de acacia, flores blancas) y frutales (manzana verde, c\u00edtricos, pera, higo, violeta, ar\u00e1ndano, frutos rojos, pomelo, melocot\u00f3n, mandarina, frambuesa). Tambi\u00e9n se aprecian matices de brioche, tostados, levadura, pasteler\u00eda, almendra, miel y especias. Boca: La entrada es viva y fresca, con una estructura aterciopelada que recuerda la tiza de Champagne. Es un vino muy recto y excepcionalmente mineral, con un equilibrio perfecto y una acidez refrescante bien integrada. En el paladar se desarrollan sabores de pera, melocot\u00f3n blanco, almendra, fruta de hueso, crema pastelera, flor de tilo, almendras laminadas, higo, tostados, pomelo rosado, miel de acacia, ciruelas y naranja sanguina. Posee una textura cremosa y un final largo, sabroso y sofisticado.<\/p>","protected":false},"excerpt":{"rendered":"<p>El Pommery Grand Cru Vintage es un champagne elaborado exclusivamente a partir de vi\u00f1edos Grand Cru, reflejando la finura y el poder de terroirs excepcionales. Es un vino complejo, estructurado y elegante, que muestra una gran madurez tras un prolongado envejecimiento en bodega. Su perfil equilibrado y su car\u00e1cter gastron\u00f3mico lo convierten en un acompa\u00f1amiento ideal para una variedad de platos, como ostras, salm\u00f3n ahumado, aves delicadas, foie gras o quesos curados.<\/p>","protected":false},"featured_media":1901,"template":"","meta":{"_gspb_post_css":"","_joinchat":[]},"product_brand":[],"product_cat":[130],"product_tag":[],"class_list":{"0":"post-1899","1":"product","2":"type-product","3":"status-publish","4":"has-post-thumbnail","6":"product_cat-espumante","8":"first","9":"onbackorder","10":"shipping-taxable","11":"purchasable","12":"product-type-simple"},"supplier_id":398,"supplier_sku":"","barcode":null,"atum_controlled":true,"out_stock_date":null,"out_stock_threshold":null,"inheritable":false,"inbound_stock":null,"stock_on_hold":0,"sold_today":0,"sales_last_days":0,"reserved_stock":null,"customer_returns":null,"warehouse_damage":null,"lost_in_post":null,"other_logs":null,"out_stock_days":0,"lost_sales":0,"has_location":null,"update_date":"2026-05-09T09:14:44","atum_locations":[],"atum_stock_status":"onbackorder","restock_status":false,"low_stock_amount":"","sales_update_date":"2026-05-09T09:14:44","calc_backorders":0,"_links":{"self":[{"href":"https:\/\/poke.com.ar\/en\/wp-json\/wp\/v2\/product\/1899","targetHints":{"allow":["GET"]}}],"collection":[{"href":"https:\/\/poke.com.ar\/en\/wp-json\/wp\/v2\/product"}],"about":[{"href":"https:\/\/poke.com.ar\/en\/wp-json\/wp\/v2\/types\/product"}],"wp:featuredmedia":[{"embeddable":true,"href":"https:\/\/poke.com.ar\/en\/wp-json\/wp\/v2\/media\/1901"}],"wp:attachment":[{"href":"https:\/\/poke.com.ar\/en\/wp-json\/wp\/v2\/media?parent=1899"}],"wp:term":[{"taxonomy":"product_brand","embeddable":true,"href":"https:\/\/poke.com.ar\/en\/wp-json\/wp\/v2\/product_brand?post=1899"},{"taxonomy":"product_cat","embeddable":true,"href":"https:\/\/poke.com.ar\/en\/wp-json\/wp\/v2\/product_cat?post=1899"},{"taxonomy":"product_tag","embeddable":true,"href":"https:\/\/poke.com.ar\/en\/wp-json\/wp\/v2\/product_tag?post=1899"}],"curies":[{"name":"wp","href":"https:\/\/api.w.org\/{rel}","templated":true}]}}