{"id":1896,"date":"2026-05-06T21:06:30","date_gmt":"2026-05-06T21:06:30","guid":{"rendered":"https:\/\/poke.com.arREMOTE_TARGET\/tienda\/moet-ice-rose-750-ml\/"},"modified":"2026-05-06T21:06:30","modified_gmt":"2026-05-06T21:06:30","slug":"moet-ice-rose-750-ml","status":"publish","type":"product","link":"https:\/\/poke.com.ar\/en\/product\/moet-ice-rose-750-ml\/","title":{"rendered":"Moet Ice Rose 750 ml"},"content":{"rendered":"<p>Color: Presenta un vivo y radiante color rosa con reflejos dorados y ambarinos. Aroma: Ofrece un bouquet vibrante y afrutado, dominado por bayas rojas fragantes y cerezas (cereza morello, ar\u00e1ndano rojo), con matices de frutas de verano (higo, nectarina) y una nota apetitosa de granadina. Sabor: En el paladar, combina la dulzura y la firmeza de las frutas, como la fresa y la frambuesa. Proporciona una explosi\u00f3n de sabores a frutos rojos frescos, equilibrados por una acidez refrescante. El final es fresco, con un toque agridulce a pomelo rosado. Servicio: Se recomienda servir con hielo en una copa grande para realzar su frescura. Se puede adornar con un toque de menta fresca, piel de c\u00edtricos o bayas rojas para una experiencia m\u00e1s elegante.<\/p>","protected":false},"excerpt":{"rendered":"<p>Mo\u00ebt &#038; Chandon Ice Imp\u00e9rial Ros\u00e9 es el primer y \u00fanico champ\u00e1n rosado creado especialmente para disfrutarse con hielo. Se distingue por su car\u00e1cter afrutado y refrescante, dise\u00f1ado para el verano y celebraciones especiales.<\/p>","protected":false},"featured_media":1898,"template":"","meta":{"_gspb_post_css":"","_joinchat":[]},"product_brand":[],"product_cat":[130],"product_tag":[],"class_list":{"0":"post-1896","1":"product","2":"type-product","3":"status-publish","4":"has-post-thumbnail","6":"product_cat-espumante","8":"first","9":"onbackorder","10":"shipping-taxable","11":"purchasable","12":"product-type-simple"},"supplier_id":398,"supplier_sku":"","barcode":null,"atum_controlled":true,"out_stock_date":null,"out_stock_threshold":null,"inheritable":false,"inbound_stock":null,"stock_on_hold":0,"sold_today":0,"sales_last_days":0,"reserved_stock":null,"customer_returns":null,"warehouse_damage":null,"lost_in_post":null,"other_logs":null,"out_stock_days":0,"lost_sales":0,"has_location":null,"update_date":"2026-05-09T09:14:45","atum_locations":[],"atum_stock_status":"onbackorder","restock_status":false,"low_stock_amount":"","sales_update_date":"2026-05-09T09:14:45","calc_backorders":0,"_links":{"self":[{"href":"https:\/\/poke.com.ar\/en\/wp-json\/wp\/v2\/product\/1896","targetHints":{"allow":["GET"]}}],"collection":[{"href":"https:\/\/poke.com.ar\/en\/wp-json\/wp\/v2\/product"}],"about":[{"href":"https:\/\/poke.com.ar\/en\/wp-json\/wp\/v2\/types\/product"}],"wp:featuredmedia":[{"embeddable":true,"href":"https:\/\/poke.com.ar\/en\/wp-json\/wp\/v2\/media\/1898"}],"wp:attachment":[{"href":"https:\/\/poke.com.ar\/en\/wp-json\/wp\/v2\/media?parent=1896"}],"wp:term":[{"taxonomy":"product_brand","embeddable":true,"href":"https:\/\/poke.com.ar\/en\/wp-json\/wp\/v2\/product_brand?post=1896"},{"taxonomy":"product_cat","embeddable":true,"href":"https:\/\/poke.com.ar\/en\/wp-json\/wp\/v2\/product_cat?post=1896"},{"taxonomy":"product_tag","embeddable":true,"href":"https:\/\/poke.com.ar\/en\/wp-json\/wp\/v2\/product_tag?post=1896"}],"curies":[{"name":"wp","href":"https:\/\/api.w.org\/{rel}","templated":true}]}}