{"id":1893,"date":"2026-05-06T21:06:08","date_gmt":"2026-05-06T21:06:08","guid":{"rendered":"https:\/\/poke.com.arREMOTE_TARGET\/tienda\/moet-ice-750-ml\/"},"modified":"2026-05-06T21:06:08","modified_gmt":"2026-05-06T21:06:08","slug":"moet-ice-750-ml","status":"publish","type":"product","link":"https:\/\/poke.com.ar\/en\/product\/moet-ice-750-ml\/","title":{"rendered":"Moet Ice 750 ml"},"content":{"rendered":"<p>Color: Oro profundo con reflejos ambarinos o toques \u00e1mbar. Nariz (Aroma): Presenta un bouquet intenso y afrutado, con aromas potentes de frutas tropicales como mango y guayaba. Tambi\u00e9n se perciben notas de frutas de hueso como la nectarina, y toques originales de frambuesa. Algunos describen tambi\u00e9n notas de menta. Boca (Sabor): En boca es amplio, carnoso y voluptuoso, recordando a una ensalada de frutas frescas o macedonia. Se distingue por una dulzura cautivadora de caramelo y jalea de membrillo, equilibrada con una acidez refrescante de notas de pomelo y jengibre. Tiene una estructura suave y equilibrada.<\/p>","protected":false},"excerpt":{"rendered":"<p>Mo\u00ebt &#038; Chandon Ice Imp\u00e9rial 750 ml es el primer champagne del mundo creado espec\u00edficamente para disfrutarse con hielo, ofreciendo una nueva experiencia que combina sensaciones divertidas, frescas y libres sin dejar de ser fiel al estilo distintivo de Mo\u00ebt &#038; Chandon de brillante frutosidad, paladar seductor y madurez elegante.Este champagne presenta un color dorado intenso con reflejos ambarinos.En nariz revela potentes aromas de frutas tropicales como mango y guayaba, complementados con frutas de hueso como nectarina y una delicada nota de frambuesa.Algunas descripciones tambi\u00e9n mencionan notas c\u00edtricas y un toque de menta mentolada.<\/p>","protected":false},"featured_media":1895,"template":"","meta":{"_gspb_post_css":"","_joinchat":[]},"product_brand":[],"product_cat":[130],"product_tag":[],"class_list":{"0":"post-1893","1":"product","2":"type-product","3":"status-publish","4":"has-post-thumbnail","6":"product_cat-espumante","8":"first","9":"onbackorder","10":"shipping-taxable","11":"purchasable","12":"product-type-simple"},"supplier_id":398,"supplier_sku":"","barcode":null,"atum_controlled":true,"out_stock_date":null,"out_stock_threshold":null,"inheritable":false,"inbound_stock":null,"stock_on_hold":0,"sold_today":0,"sales_last_days":0,"reserved_stock":null,"customer_returns":null,"warehouse_damage":null,"lost_in_post":null,"other_logs":null,"out_stock_days":0,"lost_sales":0,"has_location":null,"update_date":"2026-05-09T09:14:45","atum_locations":[],"atum_stock_status":"onbackorder","restock_status":false,"low_stock_amount":"","sales_update_date":"2026-05-09T09:14:45","calc_backorders":0,"_links":{"self":[{"href":"https:\/\/poke.com.ar\/en\/wp-json\/wp\/v2\/product\/1893","targetHints":{"allow":["GET"]}}],"collection":[{"href":"https:\/\/poke.com.ar\/en\/wp-json\/wp\/v2\/product"}],"about":[{"href":"https:\/\/poke.com.ar\/en\/wp-json\/wp\/v2\/types\/product"}],"wp:featuredmedia":[{"embeddable":true,"href":"https:\/\/poke.com.ar\/en\/wp-json\/wp\/v2\/media\/1895"}],"wp:attachment":[{"href":"https:\/\/poke.com.ar\/en\/wp-json\/wp\/v2\/media?parent=1893"}],"wp:term":[{"taxonomy":"product_brand","embeddable":true,"href":"https:\/\/poke.com.ar\/en\/wp-json\/wp\/v2\/product_brand?post=1893"},{"taxonomy":"product_cat","embeddable":true,"href":"https:\/\/poke.com.ar\/en\/wp-json\/wp\/v2\/product_cat?post=1893"},{"taxonomy":"product_tag","embeddable":true,"href":"https:\/\/poke.com.ar\/en\/wp-json\/wp\/v2\/product_tag?post=1893"}],"curies":[{"name":"wp","href":"https:\/\/api.w.org\/{rel}","templated":true}]}}