{"id":1890,"date":"2026-05-06T21:05:46","date_gmt":"2026-05-06T21:05:46","guid":{"rendered":"https:\/\/poke.com.arREMOTE_TARGET\/tienda\/moet-nectar-rose-750-ml\/"},"modified":"2026-05-06T21:05:46","modified_gmt":"2026-05-06T21:05:46","slug":"moet-nectar-rose-750-ml","status":"publish","type":"product","link":"https:\/\/poke.com.ar\/en\/product\/moet-nectar-rose-750-ml\/","title":{"rendered":"Moet Nectar Rose 750 ml"},"content":{"rendered":"","protected":false},"excerpt":{"rendered":"<p>Mo\u00ebt &#038; Chandon Ice Imp\u00e9rial Ros\u00e9 de 750 ml es el primer y \u00fanico champ\u00e1n rosado creado espec\u00edficamente para ser disfrutado con hielo, ofreciendo una nueva experiencia de degustaci\u00f3n que combina placer, frescura y el esp\u00edritu libre del verano. Presenta un brillante color rosa v\u00edvido con reflejos dorados. Su aroma es vibrante y afrutado, destacando principalmente las bayas rojas fragantes y las cerezas (cereza Morello, ar\u00e1ndano rojo, ar\u00e1ndano), con matices de frutas de verano jugosas como el higo y la nectarina, y una apetitosa nota de granadina. En boca, es delicioso, combinando dulzura y firmeza. La dulzura que recuerda a las bayas se dispersa y se vuelve m\u00e1s ligera, logrando un equilibrio armonioso de frutosidad y frescura. El final es refrescante, con una nota agridulce de pomelo rosado.<\/p>","protected":false},"featured_media":1892,"template":"","meta":{"_gspb_post_css":"","_joinchat":[]},"product_brand":[],"product_cat":[130],"product_tag":[],"class_list":{"0":"post-1890","1":"product","2":"type-product","3":"status-publish","4":"has-post-thumbnail","6":"product_cat-espumante","8":"first","9":"onbackorder","10":"shipping-taxable","11":"purchasable","12":"product-type-simple"},"supplier_id":398,"supplier_sku":"","barcode":null,"atum_controlled":true,"out_stock_date":null,"out_stock_threshold":null,"inheritable":false,"inbound_stock":null,"stock_on_hold":0,"sold_today":0,"sales_last_days":0,"reserved_stock":null,"customer_returns":null,"warehouse_damage":null,"lost_in_post":null,"other_logs":null,"out_stock_days":0,"lost_sales":0,"has_location":null,"update_date":"2026-05-09T09:14:45","atum_locations":[],"atum_stock_status":"onbackorder","restock_status":false,"low_stock_amount":"","sales_update_date":"2026-05-09T09:14:45","calc_backorders":0,"_links":{"self":[{"href":"https:\/\/poke.com.ar\/en\/wp-json\/wp\/v2\/product\/1890","targetHints":{"allow":["GET"]}}],"collection":[{"href":"https:\/\/poke.com.ar\/en\/wp-json\/wp\/v2\/product"}],"about":[{"href":"https:\/\/poke.com.ar\/en\/wp-json\/wp\/v2\/types\/product"}],"wp:featuredmedia":[{"embeddable":true,"href":"https:\/\/poke.com.ar\/en\/wp-json\/wp\/v2\/media\/1892"}],"wp:attachment":[{"href":"https:\/\/poke.com.ar\/en\/wp-json\/wp\/v2\/media?parent=1890"}],"wp:term":[{"taxonomy":"product_brand","embeddable":true,"href":"https:\/\/poke.com.ar\/en\/wp-json\/wp\/v2\/product_brand?post=1890"},{"taxonomy":"product_cat","embeddable":true,"href":"https:\/\/poke.com.ar\/en\/wp-json\/wp\/v2\/product_cat?post=1890"},{"taxonomy":"product_tag","embeddable":true,"href":"https:\/\/poke.com.ar\/en\/wp-json\/wp\/v2\/product_tag?post=1890"}],"curies":[{"name":"wp","href":"https:\/\/api.w.org\/{rel}","templated":true}]}}