{"id":1887,"date":"2026-05-06T21:05:21","date_gmt":"2026-05-06T21:05:21","guid":{"rendered":"https:\/\/poke.com.arREMOTE_TARGET\/tienda\/moet-nectar-750-ml\/"},"modified":"2026-05-06T21:05:21","modified_gmt":"2026-05-06T21:05:21","slug":"moet-nectar-750-ml","status":"publish","type":"product","link":"https:\/\/poke.com.ar\/en\/product\/moet-nectar-750-ml\/","title":{"rendered":"Moet Nectar 750 ml"},"content":{"rendered":"<p>Color: Presenta un color amarillo intenso con toques dorados o amarillo dorado con reflejos brillantes. Aroma: En nariz, se percibe una r\u00e1faga de frutas ex\u00f3ticas como pi\u00f1a y mango, la redondez de frutas de hueso como ciruela mirabel y albaricoque, y un ligero toque de vainilla. Tambi\u00e9n se aprecian aromas de frutas maduras, miel, flores blancas y notas de brioche. Algunos describen aromas generosos y ricos, con notas de frutos tropicales y frutos secos, captadas por matices de grano y especias dulces. Boca\/Paladar: En boca, es voluptuoso, uniendo cremosidad y vitalidad. Se distingue por una densidad cautivadora de frutas ex\u00f3ticas (pi\u00f1a, mango), la firmeza sedosa de frutas de hueso (ciruela mirabel, albaricoque) y la frescura viva de las notas de uva. Es dulce, fresco y afrutado, con burbuja fina, buena acidez y un final largo y armonioso. Tambi\u00e9n se mencionan notas de melocot\u00f3n, miel y toques minerales. El paladar es envuelto por densas notas de frutas tropicales como pi\u00f1a y maracuy\u00e1, seguido por sabores firmes y sedosos de frutas de hueso, y finaliza con la frescura vigorizante del pomelo.<\/p>","protected":false},"excerpt":{"rendered":"<p>Color: Presenta un color amarillo intenso con toques dorados o amarillo dorado con reflejos brillantes. Aroma: En nariz, se percibe una r\u00e1faga de frutas ex\u00f3ticas como pi\u00f1a y mango, la redondez de frutas de hueso como ciruela mirabel y albaricoque, y un ligero toque de vainilla. Tambi\u00e9n se aprecian aromas de frutas maduras, miel, flores [&hellip;]<\/p>\n","protected":false},"featured_media":1889,"template":"","meta":{"_gspb_post_css":"","_joinchat":[]},"product_brand":[],"product_cat":[130],"product_tag":[],"class_list":{"0":"post-1887","1":"product","2":"type-product","3":"status-publish","4":"has-post-thumbnail","6":"product_cat-espumante","8":"first","9":"onbackorder","10":"shipping-taxable","11":"purchasable","12":"product-type-simple"},"supplier_id":398,"supplier_sku":"","barcode":null,"atum_controlled":true,"out_stock_date":null,"out_stock_threshold":null,"inheritable":false,"inbound_stock":null,"stock_on_hold":0,"sold_today":0,"sales_last_days":0,"reserved_stock":null,"customer_returns":null,"warehouse_damage":null,"lost_in_post":null,"other_logs":null,"out_stock_days":0,"lost_sales":0,"has_location":null,"update_date":"2026-05-09T09:14:45","atum_locations":[],"atum_stock_status":"onbackorder","restock_status":false,"low_stock_amount":"","sales_update_date":"2026-05-09T09:14:45","calc_backorders":0,"_links":{"self":[{"href":"https:\/\/poke.com.ar\/en\/wp-json\/wp\/v2\/product\/1887","targetHints":{"allow":["GET"]}}],"collection":[{"href":"https:\/\/poke.com.ar\/en\/wp-json\/wp\/v2\/product"}],"about":[{"href":"https:\/\/poke.com.ar\/en\/wp-json\/wp\/v2\/types\/product"}],"wp:featuredmedia":[{"embeddable":true,"href":"https:\/\/poke.com.ar\/en\/wp-json\/wp\/v2\/media\/1889"}],"wp:attachment":[{"href":"https:\/\/poke.com.ar\/en\/wp-json\/wp\/v2\/media?parent=1887"}],"wp:term":[{"taxonomy":"product_brand","embeddable":true,"href":"https:\/\/poke.com.ar\/en\/wp-json\/wp\/v2\/product_brand?post=1887"},{"taxonomy":"product_cat","embeddable":true,"href":"https:\/\/poke.com.ar\/en\/wp-json\/wp\/v2\/product_cat?post=1887"},{"taxonomy":"product_tag","embeddable":true,"href":"https:\/\/poke.com.ar\/en\/wp-json\/wp\/v2\/product_tag?post=1887"}],"curies":[{"name":"wp","href":"https:\/\/api.w.org\/{rel}","templated":true}]}}