{"id":1863,"date":"2026-05-06T21:02:10","date_gmt":"2026-05-06T21:02:10","guid":{"rendered":"https:\/\/poke.com.arREMOTE_TARGET\/tienda\/lunfa-vermu-rosado-750-ml\/"},"modified":"2026-05-06T21:02:10","modified_gmt":"2026-05-06T21:02:10","slug":"lunfa-vermu-rosado-750-ml","status":"publish","type":"product","link":"https:\/\/poke.com.ar\/en\/product\/lunfa-vermu-rosado-750-ml\/","title":{"rendered":"Lunfa Vermu Rosado 750 ml"},"content":{"rendered":"<p>Nariz: Fresca, con notas c\u00edtricas y florales que sorprenden por su elegancia. Boca: Muestra una estructura bien marcada, acentu\u00e1ndose con gran presencia la naranja amarga. Final de Boca: Sorprenden las notas a madera de s\u00e1ndalo y ra\u00edz de regaliz que acompa\u00f1an el cardamomo para completar un armaz\u00f3n c\u00edtrico muy complejo.<\/p>","protected":false},"excerpt":{"rendered":"<p>Lunfa Vermu Rosado es un vermut argentino elaborado a partir de la cofermentaci\u00f3n de uvas Pinot Noir y Sauvignon Blanc procedentes del Valle de Uco, Mendoza.Este verm\u00fa rosado est\u00e1 enriquecido con una selecci\u00f3n de 29 bot\u00e1nicos, entre los que destaca la naranja amarga.Es una creaci\u00f3n de Juli\u00e1n Varea, desarrollada en colaboraci\u00f3n con el en\u00f3logo Gonzalo Tamagnini de Desquiciado Wines, y forma parte de la l\u00ednea de bebidas premium de Lunfardo dise\u00f1ada para integrar ingredientes locales de alta calidad a la cocteler\u00eda contempor\u00e1nea.Tiene una graduaci\u00f3n alcoh\u00f3lica del 15,5%.<\/p>","protected":false},"featured_media":1865,"template":"","meta":{"_gspb_post_css":"","_joinchat":[]},"product_brand":[],"product_cat":[119],"product_tag":[],"class_list":{"0":"post-1863","1":"product","2":"type-product","3":"status-publish","4":"has-post-thumbnail","6":"product_cat-aperitivos","8":"first","9":"onbackorder","10":"shipping-taxable","11":"purchasable","12":"product-type-simple"},"supplier_id":398,"supplier_sku":"","barcode":null,"atum_controlled":true,"out_stock_date":null,"out_stock_threshold":null,"inheritable":false,"inbound_stock":null,"stock_on_hold":0,"sold_today":0,"sales_last_days":0,"reserved_stock":null,"customer_returns":null,"warehouse_damage":null,"lost_in_post":null,"other_logs":null,"out_stock_days":0,"lost_sales":0,"has_location":null,"update_date":"2026-05-09T09:14:45","atum_locations":[],"atum_stock_status":"onbackorder","restock_status":false,"low_stock_amount":"","sales_update_date":"2026-05-09T09:14:45","calc_backorders":0,"_links":{"self":[{"href":"https:\/\/poke.com.ar\/en\/wp-json\/wp\/v2\/product\/1863","targetHints":{"allow":["GET"]}}],"collection":[{"href":"https:\/\/poke.com.ar\/en\/wp-json\/wp\/v2\/product"}],"about":[{"href":"https:\/\/poke.com.ar\/en\/wp-json\/wp\/v2\/types\/product"}],"wp:featuredmedia":[{"embeddable":true,"href":"https:\/\/poke.com.ar\/en\/wp-json\/wp\/v2\/media\/1865"}],"wp:attachment":[{"href":"https:\/\/poke.com.ar\/en\/wp-json\/wp\/v2\/media?parent=1863"}],"wp:term":[{"taxonomy":"product_brand","embeddable":true,"href":"https:\/\/poke.com.ar\/en\/wp-json\/wp\/v2\/product_brand?post=1863"},{"taxonomy":"product_cat","embeddable":true,"href":"https:\/\/poke.com.ar\/en\/wp-json\/wp\/v2\/product_cat?post=1863"},{"taxonomy":"product_tag","embeddable":true,"href":"https:\/\/poke.com.ar\/en\/wp-json\/wp\/v2\/product_tag?post=1863"}],"curies":[{"name":"wp","href":"https:\/\/api.w.org\/{rel}","templated":true}]}}