{"id":1848,"date":"2026-05-06T21:00:09","date_gmt":"2026-05-06T21:00:09","guid":{"rendered":"https:\/\/poke.com.arREMOTE_TARGET\/tienda\/salentein-reserva-chardonnay\/"},"modified":"2026-05-06T21:00:09","modified_gmt":"2026-05-06T21:00:09","slug":"salentein-reserva-chardonnay","status":"publish","type":"product","link":"https:\/\/poke.com.ar\/en\/product\/salentein-reserva-chardonnay\/","title":{"rendered":"Salentein Reserva Chardonnay"},"content":{"rendered":"<p>Color: Amarillo intenso con destellos verdosos de lima, presentando una turbidez media caracter\u00edstica, producto de las pectinas de la maceraci\u00f3n simple de la fruta. Nariz: Ofrece aromas que evocan las flores de azahar de la primavera tucumana, combinados con notas de jugo fresco de lim\u00f3n y un sutil toque vegetal. Boca: Es intenso, dulce y untuoso, con una acidez correcta y un alcohol muy bien integrado. Invita a ser disfrutado bien helado en cualquier momento del d\u00eda.<\/p>","protected":false},"excerpt":{"rendered":"<p>Salentein Reserva Chardonnay es un elegante vino blanco del reconocido Valle de Uco en Mendoza, Argentina, elaborado con precisi\u00f3n y cuidado por Bodegas Salentein, una distinguida bodega conocida por sus pr\u00e1cticas sustentables.Este Chardonnay 100% proviene de vi\u00f1edos plantados en algunas de las elevaciones m\u00e1s altas del planeta, en los remotos tramos superiores del Valle de Uco en Argentina.Su color dorado brillante y su complejidad arom\u00e1tica lo convierten en un vino \u00fanico.Envejecido en barricas de roble franc\u00e9s durante 6 meses, su acidez natural y el tiempo de permanencia en roble realzan su frescura, riqueza y textura cremosa.Este vino combina maravillosamente con mariscos, pastas cremosas, pollo asado y quesos suaves, lo que lo convierte en una opci\u00f3n vers\u00e1til para cualquier ocasi\u00f3n.<\/p>","protected":false},"featured_media":1850,"template":"","meta":{"_gspb_post_css":"","_joinchat":[]},"product_brand":[],"product_cat":[125],"product_tag":[],"class_list":{"0":"post-1848","1":"product","2":"type-product","3":"status-publish","4":"has-post-thumbnail","6":"product_cat-salentein","8":"first","9":"onbackorder","10":"shipping-taxable","11":"purchasable","12":"product-type-simple"},"supplier_id":398,"supplier_sku":"","barcode":null,"atum_controlled":true,"out_stock_date":null,"out_stock_threshold":null,"inheritable":false,"inbound_stock":null,"stock_on_hold":0,"sold_today":0,"sales_last_days":0,"reserved_stock":null,"customer_returns":null,"warehouse_damage":null,"lost_in_post":null,"other_logs":null,"out_stock_days":0,"lost_sales":0,"has_location":null,"update_date":"2026-05-09T09:14:44","atum_locations":[],"atum_stock_status":"onbackorder","restock_status":false,"low_stock_amount":"","sales_update_date":"2026-05-09T09:14:44","calc_backorders":0,"_links":{"self":[{"href":"https:\/\/poke.com.ar\/en\/wp-json\/wp\/v2\/product\/1848","targetHints":{"allow":["GET"]}}],"collection":[{"href":"https:\/\/poke.com.ar\/en\/wp-json\/wp\/v2\/product"}],"about":[{"href":"https:\/\/poke.com.ar\/en\/wp-json\/wp\/v2\/types\/product"}],"wp:featuredmedia":[{"embeddable":true,"href":"https:\/\/poke.com.ar\/en\/wp-json\/wp\/v2\/media\/1850"}],"wp:attachment":[{"href":"https:\/\/poke.com.ar\/en\/wp-json\/wp\/v2\/media?parent=1848"}],"wp:term":[{"taxonomy":"product_brand","embeddable":true,"href":"https:\/\/poke.com.ar\/en\/wp-json\/wp\/v2\/product_brand?post=1848"},{"taxonomy":"product_cat","embeddable":true,"href":"https:\/\/poke.com.ar\/en\/wp-json\/wp\/v2\/product_cat?post=1848"},{"taxonomy":"product_tag","embeddable":true,"href":"https:\/\/poke.com.ar\/en\/wp-json\/wp\/v2\/product_tag?post=1848"}],"curies":[{"name":"wp","href":"https:\/\/api.w.org\/{rel}","templated":true}]}}