{"id":1845,"date":"2026-05-06T20:59:46","date_gmt":"2026-05-06T20:59:46","guid":{"rendered":"https:\/\/poke.com.arREMOTE_TARGET\/tienda\/portillo-dulce\/"},"modified":"2026-05-06T20:59:46","modified_gmt":"2026-05-06T20:59:46","slug":"portillo-dulce","status":"publish","type":"product","link":"https:\/\/poke.com.ar\/en\/product\/portillo-dulce\/","title":{"rendered":"Portillo Dulce"},"content":{"rendered":"<p>Portillo Dulce Natural &#8211; Salentein Color: Brillante, de color amarillo leve con tonos verdosos. Tambi\u00e9n descrito como amarillo verdoso brillante. Nariz: Se destacan aromas c\u00edtricos, predominando pomelo rosado y durazno blanco. Tambi\u00e9n se perciben aromas a frutas como durazno, pomelo, anan\u00e1 y banana, con algunas notas herb\u00e1ceas. Boca: Presenta una entrada dulce y a la vez fresca, gracias a su acidez natural, lo que le confiere un sutil equilibrio y lo convierte en un vino f\u00e1cil de beber. Es delicadamente dulce y equilibrado con la acidez.<\/p>","protected":false},"excerpt":{"rendered":"<p>El Salentein Portillo Dulce Natural Sauvignon Blanc es un vino de postre vibrante, originario del prestigioso Valle de Uco, Mendoza, Argentina. Este vino dulce natural destaca la excelencia de la viticultura de gran altitud y las cuidadosas t\u00e9cnicas de elaboraci\u00f3n. Los vinos Portillo, nombrados por el hist\u00f3rico paso de monta\u00f1a en los Andes, son una expresi\u00f3n joven y distinguida de la tradici\u00f3n de Bodegas Salentein, reflejando el fascinante terru\u00f1o del Valle de Uco.<\/p>","protected":false},"featured_media":1847,"template":"","meta":{"_gspb_post_css":"","_joinchat":[]},"product_brand":[],"product_cat":[125],"product_tag":[],"class_list":{"0":"post-1845","1":"product","2":"type-product","3":"status-publish","4":"has-post-thumbnail","6":"product_cat-salentein","8":"first","9":"onbackorder","10":"shipping-taxable","11":"purchasable","12":"product-type-simple"},"supplier_id":398,"supplier_sku":"","barcode":null,"atum_controlled":true,"out_stock_date":null,"out_stock_threshold":null,"inheritable":false,"inbound_stock":null,"stock_on_hold":0,"sold_today":0,"sales_last_days":0,"reserved_stock":null,"customer_returns":null,"warehouse_damage":null,"lost_in_post":null,"other_logs":null,"out_stock_days":0,"lost_sales":0,"has_location":null,"update_date":"2026-05-09T09:14:44","atum_locations":[],"atum_stock_status":"onbackorder","restock_status":false,"low_stock_amount":"","sales_update_date":"2026-05-09T09:14:44","calc_backorders":0,"_links":{"self":[{"href":"https:\/\/poke.com.ar\/en\/wp-json\/wp\/v2\/product\/1845","targetHints":{"allow":["GET"]}}],"collection":[{"href":"https:\/\/poke.com.ar\/en\/wp-json\/wp\/v2\/product"}],"about":[{"href":"https:\/\/poke.com.ar\/en\/wp-json\/wp\/v2\/types\/product"}],"wp:featuredmedia":[{"embeddable":true,"href":"https:\/\/poke.com.ar\/en\/wp-json\/wp\/v2\/media\/1847"}],"wp:attachment":[{"href":"https:\/\/poke.com.ar\/en\/wp-json\/wp\/v2\/media?parent=1845"}],"wp:term":[{"taxonomy":"product_brand","embeddable":true,"href":"https:\/\/poke.com.ar\/en\/wp-json\/wp\/v2\/product_brand?post=1845"},{"taxonomy":"product_cat","embeddable":true,"href":"https:\/\/poke.com.ar\/en\/wp-json\/wp\/v2\/product_cat?post=1845"},{"taxonomy":"product_tag","embeddable":true,"href":"https:\/\/poke.com.ar\/en\/wp-json\/wp\/v2\/product_tag?post=1845"}],"curies":[{"name":"wp","href":"https:\/\/api.w.org\/{rel}","templated":true}]}}