{"id":1839,"date":"2026-05-06T20:58:55","date_gmt":"2026-05-06T20:58:55","guid":{"rendered":"https:\/\/poke.com.arREMOTE_TARGET\/tienda\/rutini-malbec\/"},"modified":"2026-05-06T20:58:55","modified_gmt":"2026-05-06T20:58:55","slug":"rutini-malbec","status":"publish","type":"product","link":"https:\/\/poke.com.ar\/en\/product\/rutini-malbec\/","title":{"rendered":"Rutini Malbec"},"content":{"rendered":"<p>Vista: Presenta un color violeta intenso con matices rub\u00ed, brillante y de gran profundidad, o rojo viol\u00e1ceo, muy intenso, con matices azulados. Nariz: Es intenso y expresivo, con aromas de frutas rojas y negras maduras como ciruelas, cerezas y moras. Se combinan con notas de violetas, vainilla, cacao y un sutil dejo ahumado, aportado por su paso por barrica. Tambi\u00e9n se mencionan especias como an\u00eds y pimienta negra, y un fondo floral que recuerda a la flor de la violeta. Otros descriptores incluyen ciruelas, violetas y cilantro, o bayas silvestres, tabaco y vainilla. Boca: Se muestra amplio, jugoso y equilibrado, con taninos suaves y redondos. Tiene buen volumen, una acidez que aporta frescura, y un final prolongado donde se destacan nuevamente las frutas maduras y los toques especiados. El paladar es corp\u00f3reo y distinguido, con un concentrado car\u00e1cter frutal y la sucrosidad t\u00e1nica caracter\u00edstica de la cepa. Se reafirman los acentos frutados, con taninos envolventes y sedosos, bien presentes pero amables, destacando su personalidad y complejidad. Es un vino de cuerpo medio, con taninos suaves y acidez moderada.<\/p>","protected":false},"excerpt":{"rendered":"<p>Vista: Presenta un color violeta intenso con matices rub\u00ed, brillante y de gran profundidad, o rojo viol\u00e1ceo, muy intenso, con matices azulados. Nariz: Es intenso y expresivo, con aromas de frutas rojas y negras maduras como ciruelas, cerezas y moras. Se combinan con notas de violetas, vainilla, cacao y un sutil dejo ahumado, aportado por [&hellip;]<\/p>\n","protected":false},"featured_media":1841,"template":"","meta":{"_gspb_post_css":"","_joinchat":[]},"product_brand":[],"product_cat":[123],"product_tag":[],"class_list":{"0":"post-1839","1":"product","2":"type-product","3":"status-publish","4":"has-post-thumbnail","6":"product_cat-rutini-wines","8":"first","9":"onbackorder","10":"shipping-taxable","11":"purchasable","12":"product-type-simple"},"supplier_id":398,"supplier_sku":"","barcode":null,"atum_controlled":true,"out_stock_date":null,"out_stock_threshold":null,"inheritable":false,"inbound_stock":null,"stock_on_hold":0,"sold_today":0,"sales_last_days":0,"reserved_stock":null,"customer_returns":null,"warehouse_damage":null,"lost_in_post":null,"other_logs":null,"out_stock_days":0,"lost_sales":0,"has_location":null,"update_date":"2026-05-09T09:14:44","atum_locations":[],"atum_stock_status":"onbackorder","restock_status":false,"low_stock_amount":"","sales_update_date":"2026-05-09T09:14:44","calc_backorders":0,"_links":{"self":[{"href":"https:\/\/poke.com.ar\/en\/wp-json\/wp\/v2\/product\/1839","targetHints":{"allow":["GET"]}}],"collection":[{"href":"https:\/\/poke.com.ar\/en\/wp-json\/wp\/v2\/product"}],"about":[{"href":"https:\/\/poke.com.ar\/en\/wp-json\/wp\/v2\/types\/product"}],"wp:featuredmedia":[{"embeddable":true,"href":"https:\/\/poke.com.ar\/en\/wp-json\/wp\/v2\/media\/1841"}],"wp:attachment":[{"href":"https:\/\/poke.com.ar\/en\/wp-json\/wp\/v2\/media?parent=1839"}],"wp:term":[{"taxonomy":"product_brand","embeddable":true,"href":"https:\/\/poke.com.ar\/en\/wp-json\/wp\/v2\/product_brand?post=1839"},{"taxonomy":"product_cat","embeddable":true,"href":"https:\/\/poke.com.ar\/en\/wp-json\/wp\/v2\/product_cat?post=1839"},{"taxonomy":"product_tag","embeddable":true,"href":"https:\/\/poke.com.ar\/en\/wp-json\/wp\/v2\/product_tag?post=1839"}],"curies":[{"name":"wp","href":"https:\/\/api.w.org\/{rel}","templated":true}]}}