{"id":1836,"date":"2026-05-06T20:58:31","date_gmt":"2026-05-06T20:58:31","guid":{"rendered":"https:\/\/poke.com.arREMOTE_TARGET\/tienda\/encuentro-malbec\/"},"modified":"2026-05-06T20:58:31","modified_gmt":"2026-05-06T20:58:31","slug":"encuentro-malbec","status":"publish","type":"product","link":"https:\/\/poke.com.ar\/en\/product\/encuentro-malbec\/","title":{"rendered":"Encuentro Malbec"},"content":{"rendered":"","protected":false},"excerpt":{"rendered":"<p>El Encuentro Malbec de Rutini Wines es un vino tinto de color rojo granate intenso y concentrado, con destellos viol\u00e1ceos. En nariz, este Malbec ofrece una impetuosa expresi\u00f3n t\u00edpica de la variedad, con armon\u00edas florales a violetas y el br\u00edo de frutos rojos y negros frescos como cereza y cassis. Tambi\u00e9n se pueden percibir notas de ciruela, mora, especias, mocha, chocolate amargo y vainilla, con ecos cremosos de la madera. En boca, presenta taninos corp\u00f3reos, redondos y ricos en vahos a cacao amargo y frutas maceradas. Es un vino intenso, complejo y con una acidez muy lograda que promete un potencial de guarda de hasta cinco a diez a\u00f1os. Su paladar es aterciopelado, con frutas negras jugosas y un final suavemente especiado.<\/p>","protected":false},"featured_media":1838,"template":"","meta":{"_gspb_post_css":"","_joinchat":[]},"product_brand":[],"product_cat":[123],"product_tag":[],"class_list":{"0":"post-1836","1":"product","2":"type-product","3":"status-publish","4":"has-post-thumbnail","6":"product_cat-rutini-wines","8":"first","9":"onbackorder","10":"shipping-taxable","11":"purchasable","12":"product-type-simple"},"supplier_id":398,"supplier_sku":"","barcode":null,"atum_controlled":true,"out_stock_date":null,"out_stock_threshold":null,"inheritable":false,"inbound_stock":null,"stock_on_hold":0,"sold_today":0,"sales_last_days":0,"reserved_stock":null,"customer_returns":null,"warehouse_damage":null,"lost_in_post":null,"other_logs":null,"out_stock_days":0,"lost_sales":0,"has_location":null,"update_date":"2026-05-09T09:14:44","atum_locations":[],"atum_stock_status":"onbackorder","restock_status":false,"low_stock_amount":"","sales_update_date":"2026-05-09T09:14:44","calc_backorders":0,"_links":{"self":[{"href":"https:\/\/poke.com.ar\/en\/wp-json\/wp\/v2\/product\/1836","targetHints":{"allow":["GET"]}}],"collection":[{"href":"https:\/\/poke.com.ar\/en\/wp-json\/wp\/v2\/product"}],"about":[{"href":"https:\/\/poke.com.ar\/en\/wp-json\/wp\/v2\/types\/product"}],"wp:featuredmedia":[{"embeddable":true,"href":"https:\/\/poke.com.ar\/en\/wp-json\/wp\/v2\/media\/1838"}],"wp:attachment":[{"href":"https:\/\/poke.com.ar\/en\/wp-json\/wp\/v2\/media?parent=1836"}],"wp:term":[{"taxonomy":"product_brand","embeddable":true,"href":"https:\/\/poke.com.ar\/en\/wp-json\/wp\/v2\/product_brand?post=1836"},{"taxonomy":"product_cat","embeddable":true,"href":"https:\/\/poke.com.ar\/en\/wp-json\/wp\/v2\/product_cat?post=1836"},{"taxonomy":"product_tag","embeddable":true,"href":"https:\/\/poke.com.ar\/en\/wp-json\/wp\/v2\/product_tag?post=1836"}],"curies":[{"name":"wp","href":"https:\/\/api.w.org\/{rel}","templated":true}]}}