{"id":1827,"date":"2026-05-06T20:57:15","date_gmt":"2026-05-06T20:57:15","guid":{"rendered":"https:\/\/poke.com.arREMOTE_TARGET\/tienda\/piattelli-mendoza-rose\/"},"modified":"2026-05-06T20:57:15","modified_gmt":"2026-05-06T20:57:15","slug":"piattelli-mendoza-rose","status":"publish","type":"product","link":"https:\/\/poke.com.ar\/en\/product\/piattelli-mendoza-rose\/","title":{"rendered":"Piattelli Mendoza Rose"},"content":{"rendered":"<p>Presenta un hermoso color rosado brillante o rojizo trasl\u00facido. Sus aromas florales, como rosa y jazm\u00edn, son muy intensos. Tambi\u00e9n se perciben notas de frutas frescas como cerezas, fresas y guindas. n boca es muy refrescante y jugoso, con notas delicadas de cerezas y fresas. Su textura es sedosa y tiene un final persistente y equilibrado, con taninos suaves.<\/p>","protected":false},"excerpt":{"rendered":"<p>El Piattelli Reserva Ros\u00e9 de Malbec Mendoza es un vino rosado, alegre y fresco de cuerpo medio, con intensos aromas florales y frutales. Est\u00e1 elaborado para ser disfrutado durante todo el a\u00f1o y se produce en Luj\u00e1n de Cuyo, Mendoza.<\/p>","protected":false},"featured_media":1829,"template":"","meta":{"_gspb_post_css":"","_joinchat":[]},"product_brand":[],"product_cat":[122],"product_tag":[],"class_list":{"0":"post-1827","1":"product","2":"type-product","3":"status-publish","4":"has-post-thumbnail","6":"product_cat-piattelli","8":"first","9":"onbackorder","10":"shipping-taxable","11":"purchasable","12":"product-type-simple"},"supplier_id":398,"supplier_sku":"","barcode":null,"atum_controlled":true,"out_stock_date":null,"out_stock_threshold":null,"inheritable":false,"inbound_stock":null,"stock_on_hold":0,"sold_today":0,"sales_last_days":0,"reserved_stock":null,"customer_returns":null,"warehouse_damage":null,"lost_in_post":null,"other_logs":null,"out_stock_days":0,"lost_sales":0,"has_location":null,"update_date":"2026-05-09T09:14:44","atum_locations":[],"atum_stock_status":"onbackorder","restock_status":false,"low_stock_amount":"","sales_update_date":"2026-05-09T09:14:44","calc_backorders":0,"_links":{"self":[{"href":"https:\/\/poke.com.ar\/en\/wp-json\/wp\/v2\/product\/1827","targetHints":{"allow":["GET"]}}],"collection":[{"href":"https:\/\/poke.com.ar\/en\/wp-json\/wp\/v2\/product"}],"about":[{"href":"https:\/\/poke.com.ar\/en\/wp-json\/wp\/v2\/types\/product"}],"wp:featuredmedia":[{"embeddable":true,"href":"https:\/\/poke.com.ar\/en\/wp-json\/wp\/v2\/media\/1829"}],"wp:attachment":[{"href":"https:\/\/poke.com.ar\/en\/wp-json\/wp\/v2\/media?parent=1827"}],"wp:term":[{"taxonomy":"product_brand","embeddable":true,"href":"https:\/\/poke.com.ar\/en\/wp-json\/wp\/v2\/product_brand?post=1827"},{"taxonomy":"product_cat","embeddable":true,"href":"https:\/\/poke.com.ar\/en\/wp-json\/wp\/v2\/product_cat?post=1827"},{"taxonomy":"product_tag","embeddable":true,"href":"https:\/\/poke.com.ar\/en\/wp-json\/wp\/v2\/product_tag?post=1827"}],"curies":[{"name":"wp","href":"https:\/\/api.w.org\/{rel}","templated":true}]}}