{"id":1813,"date":"2026-05-06T20:55:36","date_gmt":"2026-05-06T20:55:36","guid":{"rendered":"https:\/\/poke.com.arREMOTE_TARGET\/tienda\/escorihuela-gascon-cabernet-franc\/"},"modified":"2026-05-06T20:55:36","modified_gmt":"2026-05-06T20:55:36","slug":"escorihuela-gascon-cabernet-franc","status":"publish","type":"product","link":"https:\/\/poke.com.ar\/en\/product\/escorihuela-gascon-cabernet-franc\/","title":{"rendered":"Escorihuela Gasc\u00f3n Cabernet Franc"},"content":{"rendered":"<p>Vista: Rojo rub\u00ed profundo con reflejos viol\u00e1ceos y buen brillo. Nariz: Expresivo con aromas penetrantes de hierbas arom\u00e1ticas, frutas como cerezas, moras y ciruelas negras maduras. El paso por barrica define elegancia con tonos especiados. Boca: Vino tinto de buen cuerpo y fluir jugoso. Es envolvente y complejo con dejos de frutos rojos y negros junto a hierbas y especias. Taninos dulces y redondos que definen un regusto amable, prolongado y frutal.<\/p>","protected":false},"excerpt":{"rendered":"<p>Vista: Rojo rub\u00ed profundo con reflejos viol\u00e1ceos y buen brillo. Nariz: Expresivo con aromas penetrantes de hierbas arom\u00e1ticas, frutas como cerezas, moras y ciruelas negras maduras. El paso por barrica define elegancia con tonos especiados. Boca: Vino tinto de buen cuerpo y fluir jugoso. Es envolvente y complejo con dejos de frutos rojos y negros [&hellip;]<\/p>\n","protected":false},"featured_media":1816,"template":"","meta":{"_gspb_post_css":"","_joinchat":[]},"product_brand":[],"product_cat":[128],"product_tag":[],"class_list":{"0":"post-1813","1":"product","2":"type-product","3":"status-publish","4":"has-post-thumbnail","6":"product_cat-escorihuela-gascon","8":"first","9":"onbackorder","10":"shipping-taxable","11":"purchasable","12":"product-type-simple"},"supplier_id":398,"supplier_sku":"","barcode":null,"atum_controlled":true,"out_stock_date":null,"out_stock_threshold":null,"inheritable":false,"inbound_stock":null,"stock_on_hold":0,"sold_today":0,"sales_last_days":0,"reserved_stock":null,"customer_returns":null,"warehouse_damage":null,"lost_in_post":null,"other_logs":null,"out_stock_days":0,"lost_sales":0,"has_location":null,"update_date":"2026-05-09T09:14:44","atum_locations":[],"atum_stock_status":"onbackorder","restock_status":false,"low_stock_amount":"","sales_update_date":"2026-05-09T09:14:44","calc_backorders":0,"_links":{"self":[{"href":"https:\/\/poke.com.ar\/en\/wp-json\/wp\/v2\/product\/1813","targetHints":{"allow":["GET"]}}],"collection":[{"href":"https:\/\/poke.com.ar\/en\/wp-json\/wp\/v2\/product"}],"about":[{"href":"https:\/\/poke.com.ar\/en\/wp-json\/wp\/v2\/types\/product"}],"wp:featuredmedia":[{"embeddable":true,"href":"https:\/\/poke.com.ar\/en\/wp-json\/wp\/v2\/media\/1816"}],"wp:attachment":[{"href":"https:\/\/poke.com.ar\/en\/wp-json\/wp\/v2\/media?parent=1813"}],"wp:term":[{"taxonomy":"product_brand","embeddable":true,"href":"https:\/\/poke.com.ar\/en\/wp-json\/wp\/v2\/product_brand?post=1813"},{"taxonomy":"product_cat","embeddable":true,"href":"https:\/\/poke.com.ar\/en\/wp-json\/wp\/v2\/product_cat?post=1813"},{"taxonomy":"product_tag","embeddable":true,"href":"https:\/\/poke.com.ar\/en\/wp-json\/wp\/v2\/product_tag?post=1813"}],"curies":[{"name":"wp","href":"https:\/\/api.w.org\/{rel}","templated":true}]}}