{"id":1801,"date":"2026-05-06T20:53:57","date_gmt":"2026-05-06T20:53:57","guid":{"rendered":"https:\/\/poke.com.arREMOTE_TARGET\/tienda\/alamos-chardonnay\/"},"modified":"2026-05-06T20:53:57","modified_gmt":"2026-05-06T20:53:57","slug":"alamos-chardonnay","status":"publish","type":"product","link":"https:\/\/poke.com.ar\/en\/product\/alamos-chardonnay\/","title":{"rendered":"Alamos Chardonnay"},"content":{"rendered":"<p>Alamos Chardonnay presenta t\u00edpicamente un color amarillo pajizo con reflejos verdosos claros.En nariz, ofrece aromas de frutas tropicales maduras, que a menudo incluyen pi\u00f1a, con notas c\u00edtricas (lim\u00f3n, lima) y florales.Algunas descripciones tambi\u00e9n mencionan toques de vainilla y especias dulces provenientes del envejecimiento en roble.El paladar se describe generalmente como pleno y rico, con sabores concentrados de pera madura e higo.Tambi\u00e9n se mencionan otras notas frutales como manzana y mango.A menudo tiene una textura cremosa con tonos de vainilla y especias dulces de roble.El final es limpio, fresco y vibrante, caracterizado por una acidez brillante y crujiente.Algunas notas tambi\u00e9n mencionan un final persistente con roble claro y sabores equilibrados de caramelo y especias dulces de color marr\u00f3n.<\/p>","protected":false},"excerpt":{"rendered":"<p>Alamos Chardonnay presenta t\u00edpicamente un color amarillo pajizo con reflejos verdosos claros.En nariz, ofrece aromas de frutas tropicales maduras, que a menudo incluyen pi\u00f1a, con notas c\u00edtricas (lim\u00f3n, lima) y florales.Algunas descripciones tambi\u00e9n mencionan toques de vainilla y especias dulces provenientes del envejecimiento en roble.El paladar se describe generalmente como pleno y rico, con sabores [&hellip;]<\/p>\n","protected":false},"featured_media":1803,"template":"","meta":{"_gspb_post_css":"","_joinchat":[]},"product_brand":[],"product_cat":[118],"product_tag":[],"class_list":{"0":"post-1801","1":"product","2":"type-product","3":"status-publish","4":"has-post-thumbnail","6":"product_cat-catena-zapata","8":"first","9":"onbackorder","10":"shipping-taxable","11":"purchasable","12":"product-type-simple"},"supplier_id":398,"supplier_sku":"","barcode":null,"atum_controlled":true,"out_stock_date":null,"out_stock_threshold":null,"inheritable":false,"inbound_stock":null,"stock_on_hold":0,"sold_today":0,"sales_last_days":0,"reserved_stock":null,"customer_returns":null,"warehouse_damage":null,"lost_in_post":null,"other_logs":null,"out_stock_days":0,"lost_sales":0,"has_location":null,"update_date":"2026-05-09T09:14:44","atum_locations":[],"atum_stock_status":"onbackorder","restock_status":false,"low_stock_amount":"","sales_update_date":"2026-05-09T09:14:44","calc_backorders":0,"_links":{"self":[{"href":"https:\/\/poke.com.ar\/en\/wp-json\/wp\/v2\/product\/1801","targetHints":{"allow":["GET"]}}],"collection":[{"href":"https:\/\/poke.com.ar\/en\/wp-json\/wp\/v2\/product"}],"about":[{"href":"https:\/\/poke.com.ar\/en\/wp-json\/wp\/v2\/types\/product"}],"wp:featuredmedia":[{"embeddable":true,"href":"https:\/\/poke.com.ar\/en\/wp-json\/wp\/v2\/media\/1803"}],"wp:attachment":[{"href":"https:\/\/poke.com.ar\/en\/wp-json\/wp\/v2\/media?parent=1801"}],"wp:term":[{"taxonomy":"product_brand","embeddable":true,"href":"https:\/\/poke.com.ar\/en\/wp-json\/wp\/v2\/product_brand?post=1801"},{"taxonomy":"product_cat","embeddable":true,"href":"https:\/\/poke.com.ar\/en\/wp-json\/wp\/v2\/product_cat?post=1801"},{"taxonomy":"product_tag","embeddable":true,"href":"https:\/\/poke.com.ar\/en\/wp-json\/wp\/v2\/product_tag?post=1801"}],"curies":[{"name":"wp","href":"https:\/\/api.w.org\/{rel}","templated":true}]}}