{"id":1795,"date":"2026-05-06T20:53:10","date_gmt":"2026-05-06T20:53:10","guid":{"rendered":"https:\/\/poke.com.arREMOTE_TARGET\/tienda\/salentein-reserva-cabernet-sauvignon\/"},"modified":"2026-05-06T20:53:10","modified_gmt":"2026-05-06T20:53:10","slug":"salentein-reserva-cabernet-sauvignon","status":"publish","type":"product","link":"https:\/\/poke.com.ar\/en\/product\/salentein-reserva-cabernet-sauvignon\/","title":{"rendered":"Salentein Reserva Cabernet Sauvignon"},"content":{"rendered":"<p>Color: Presenta un color rojo rub\u00ed intenso. Aroma: Se destacan las notas a pimienta negra y cassis, que son t\u00edpicas de la variedad Cabernet Sauvignon. Sabor: En boca es carnoso y de estructura t\u00e1nica fina. Es elegante, con un final largo y persistente.<\/p>","protected":false},"excerpt":{"rendered":"<p>El Salentein Reserva Cabernet Sauvignon es un vino tinto de la bodega argentina Salentein, originario del Valle de Uco en Mendoza. Se caracteriza por su expresi\u00f3n varietal, su crianza en barricas de roble franc\u00e9s y su estructura t\u00e1nica fina y elegante.<\/p>","protected":false},"featured_media":1797,"template":"","meta":{"_gspb_post_css":"","_joinchat":[]},"product_brand":[],"product_cat":[125],"product_tag":[],"class_list":{"0":"post-1795","1":"product","2":"type-product","3":"status-publish","4":"has-post-thumbnail","6":"product_cat-salentein","8":"first","9":"onbackorder","10":"shipping-taxable","11":"purchasable","12":"product-type-simple"},"supplier_id":398,"supplier_sku":"","barcode":null,"atum_controlled":true,"out_stock_date":null,"out_stock_threshold":null,"inheritable":false,"inbound_stock":null,"stock_on_hold":0,"sold_today":0,"sales_last_days":0,"reserved_stock":null,"customer_returns":null,"warehouse_damage":null,"lost_in_post":null,"other_logs":null,"out_stock_days":0,"lost_sales":0,"has_location":null,"update_date":"2026-05-09T09:14:44","atum_locations":[],"atum_stock_status":"onbackorder","restock_status":false,"low_stock_amount":"","sales_update_date":"2026-05-09T09:14:44","calc_backorders":0,"_links":{"self":[{"href":"https:\/\/poke.com.ar\/en\/wp-json\/wp\/v2\/product\/1795","targetHints":{"allow":["GET"]}}],"collection":[{"href":"https:\/\/poke.com.ar\/en\/wp-json\/wp\/v2\/product"}],"about":[{"href":"https:\/\/poke.com.ar\/en\/wp-json\/wp\/v2\/types\/product"}],"wp:featuredmedia":[{"embeddable":true,"href":"https:\/\/poke.com.ar\/en\/wp-json\/wp\/v2\/media\/1797"}],"wp:attachment":[{"href":"https:\/\/poke.com.ar\/en\/wp-json\/wp\/v2\/media?parent=1795"}],"wp:term":[{"taxonomy":"product_brand","embeddable":true,"href":"https:\/\/poke.com.ar\/en\/wp-json\/wp\/v2\/product_brand?post=1795"},{"taxonomy":"product_cat","embeddable":true,"href":"https:\/\/poke.com.ar\/en\/wp-json\/wp\/v2\/product_cat?post=1795"},{"taxonomy":"product_tag","embeddable":true,"href":"https:\/\/poke.com.ar\/en\/wp-json\/wp\/v2\/product_tag?post=1795"}],"curies":[{"name":"wp","href":"https:\/\/api.w.org\/{rel}","templated":true}]}}