{"id":1782,"date":"2026-05-06T20:51:33","date_gmt":"2026-05-06T20:51:33","guid":{"rendered":"https:\/\/poke.com.arREMOTE_TARGET\/tienda\/saint-felicien-cabernet-franc\/"},"modified":"2026-05-06T20:51:33","modified_gmt":"2026-05-06T20:51:33","slug":"saint-felicien-cabernet-franc","status":"publish","type":"product","link":"https:\/\/poke.com.ar\/en\/product\/saint-felicien-cabernet-franc\/","title":{"rendered":"Saint Felicien Cabernet Franc"},"content":{"rendered":"<p>Notas de Cata: Este vino presenta un color rojo rub\u00ed intenso con reflejos brillantes, denotando su juventud y vitalidad.En nariz ofrece elegantes aromas de frutos rojos como frambuesas y cerezas, entrelazados con notas herb\u00e1ceas caracter\u00edsticas del Cabernet Franc, junto con delicados matices especiados y de tabaco.Tambi\u00e9n est\u00e1n presentes intensos cassis y frutos negros, mezclados con sutiles pimienta y clavo.En boca es fresco, estructurado, rico, largo y complejo, con taninos firmes pero sedosos.Su vibrante acidez aporta equilibrio y potencia los sabores, dando lugar a un final largo y persistente con notas de frutas maduras y sutiles toques minerales.<\/p>","protected":false},"excerpt":{"rendered":"<p>Saint Felicien Cabernet Franc es un vino distintivo, elegante y complejo elaborado por la prestigiosa Bodega Catena Zapata.Este varietal resalta el potencial del Cabernet Franc proveniente de vi\u00f1edos de gran altura en Mendoza, Argentina, ofreciendo una experiencia \u00fanica para los amantes del vino.<\/p>","protected":false},"featured_media":1784,"template":"","meta":{"_gspb_post_css":"","_joinchat":[]},"product_brand":[],"product_cat":[118],"product_tag":[],"class_list":{"0":"post-1782","1":"product","2":"type-product","3":"status-publish","4":"has-post-thumbnail","6":"product_cat-catena-zapata","8":"first","9":"onbackorder","10":"shipping-taxable","11":"purchasable","12":"product-type-simple"},"supplier_id":398,"supplier_sku":"","barcode":null,"atum_controlled":true,"out_stock_date":null,"out_stock_threshold":null,"inheritable":false,"inbound_stock":null,"stock_on_hold":0,"sold_today":0,"sales_last_days":0,"reserved_stock":null,"customer_returns":null,"warehouse_damage":null,"lost_in_post":null,"other_logs":null,"out_stock_days":0,"lost_sales":0,"has_location":null,"update_date":"2026-05-09T09:14:44","atum_locations":[],"atum_stock_status":"onbackorder","restock_status":false,"low_stock_amount":"","sales_update_date":"2026-05-09T09:14:44","calc_backorders":0,"_links":{"self":[{"href":"https:\/\/poke.com.ar\/en\/wp-json\/wp\/v2\/product\/1782","targetHints":{"allow":["GET"]}}],"collection":[{"href":"https:\/\/poke.com.ar\/en\/wp-json\/wp\/v2\/product"}],"about":[{"href":"https:\/\/poke.com.ar\/en\/wp-json\/wp\/v2\/types\/product"}],"wp:featuredmedia":[{"embeddable":true,"href":"https:\/\/poke.com.ar\/en\/wp-json\/wp\/v2\/media\/1784"}],"wp:attachment":[{"href":"https:\/\/poke.com.ar\/en\/wp-json\/wp\/v2\/media?parent=1782"}],"wp:term":[{"taxonomy":"product_brand","embeddable":true,"href":"https:\/\/poke.com.ar\/en\/wp-json\/wp\/v2\/product_brand?post=1782"},{"taxonomy":"product_cat","embeddable":true,"href":"https:\/\/poke.com.ar\/en\/wp-json\/wp\/v2\/product_cat?post=1782"},{"taxonomy":"product_tag","embeddable":true,"href":"https:\/\/poke.com.ar\/en\/wp-json\/wp\/v2\/product_tag?post=1782"}],"curies":[{"name":"wp","href":"https:\/\/api.w.org\/{rel}","templated":true}]}}