{"id":1776,"date":"2026-05-06T20:50:41","date_gmt":"2026-05-06T20:50:41","guid":{"rendered":"https:\/\/poke.com.arREMOTE_TARGET\/tienda\/trumpeter-syrah\/"},"modified":"2026-05-06T20:50:41","modified_gmt":"2026-05-06T20:50:41","slug":"trumpeter-syrah","status":"publish","type":"product","link":"https:\/\/poke.com.ar\/en\/product\/trumpeter-syrah\/","title":{"rendered":"Trumpeter Syrah"},"content":{"rendered":"","protected":false},"excerpt":{"rendered":"<p>Descripci\u00f3n del Producto: Trumpeter Syrah Rutini Wines: El Trumpeter Syrah de Rutini Wines es un vino tinto premium de Argentina, elaborado por la reconocida bodega Rutini Wines en la afamada regi\u00f3n vitivin\u00edcola de Mendoza. Este Syrah se distingue por su car\u00e1cter audaz, textura suave y sabores bien equilibrados. Presenta un color rojo rub\u00ed oscuro profundo, a veces con tonos violetas brillantes. En nariz es muy arom\u00e1tico, con notas de grosella roja y fresas maduras, combinadas con especias como tabaco, vainilla y canela. En boca es de cuerpo completo y bien estructurado, con sabores concentrados de frutas silvestres y taninos suaves y aterciopelados. Madura durante 7 meses en barricas de roble americano y franc\u00e9s. Su contenido alcoh\u00f3lico es del 13,5%. Es un excelente acompa\u00f1amiento para carnes a la parrilla, platos de pasta contundentes, quesos curados, cordero, aves, caza, y platos del sudeste asi\u00e1tico como curry de pollo y champi\u00f1ones, pato o cocina china.<\/p>","protected":false},"featured_media":1778,"template":"","meta":{"_gspb_post_css":"","_joinchat":[]},"product_brand":[],"product_cat":[123],"product_tag":[],"class_list":{"0":"post-1776","1":"product","2":"type-product","3":"status-publish","4":"has-post-thumbnail","6":"product_cat-rutini-wines","8":"first","9":"onbackorder","10":"shipping-taxable","11":"purchasable","12":"product-type-simple"},"supplier_id":398,"supplier_sku":"","barcode":null,"atum_controlled":true,"out_stock_date":null,"out_stock_threshold":null,"inheritable":false,"inbound_stock":null,"stock_on_hold":0,"sold_today":0,"sales_last_days":0,"reserved_stock":null,"customer_returns":null,"warehouse_damage":null,"lost_in_post":null,"other_logs":null,"out_stock_days":0,"lost_sales":0,"has_location":null,"update_date":"2026-05-09T09:14:44","atum_locations":[],"atum_stock_status":"onbackorder","restock_status":false,"low_stock_amount":"","sales_update_date":"2026-05-09T09:14:44","calc_backorders":0,"_links":{"self":[{"href":"https:\/\/poke.com.ar\/en\/wp-json\/wp\/v2\/product\/1776","targetHints":{"allow":["GET"]}}],"collection":[{"href":"https:\/\/poke.com.ar\/en\/wp-json\/wp\/v2\/product"}],"about":[{"href":"https:\/\/poke.com.ar\/en\/wp-json\/wp\/v2\/types\/product"}],"wp:featuredmedia":[{"embeddable":true,"href":"https:\/\/poke.com.ar\/en\/wp-json\/wp\/v2\/media\/1778"}],"wp:attachment":[{"href":"https:\/\/poke.com.ar\/en\/wp-json\/wp\/v2\/media?parent=1776"}],"wp:term":[{"taxonomy":"product_brand","embeddable":true,"href":"https:\/\/poke.com.ar\/en\/wp-json\/wp\/v2\/product_brand?post=1776"},{"taxonomy":"product_cat","embeddable":true,"href":"https:\/\/poke.com.ar\/en\/wp-json\/wp\/v2\/product_cat?post=1776"},{"taxonomy":"product_tag","embeddable":true,"href":"https:\/\/poke.com.ar\/en\/wp-json\/wp\/v2\/product_tag?post=1776"}],"curies":[{"name":"wp","href":"https:\/\/api.w.org\/{rel}","templated":true}]}}