{"id":1766,"date":"2026-05-06T20:49:27","date_gmt":"2026-05-06T20:49:27","guid":{"rendered":"https:\/\/poke.com.arREMOTE_TARGET\/tienda\/corona-porron-pack-x24u\/"},"modified":"2026-05-06T20:49:27","modified_gmt":"2026-05-06T20:49:27","slug":"corona-porron-pack-x24u","status":"publish","type":"product","link":"https:\/\/poke.com.ar\/en\/product\/corona-porron-pack-x24u\/","title":{"rendered":"Corona Porron Pack x24u"},"content":{"rendered":"<p>Estilo: Lager o American Adjunct Lager. Color: Pajizo, rubia, clara e inconfundible. Sabor: Distintivo, incomparable y original. Graduaci\u00f3n alcoh\u00f3lica (ABV): Aproximadamente 4.5% &#8211; 4.6%. Impresi\u00f3n general: Es una cerveza premium, cl\u00e1sica y aut\u00e9ntica, reconocida por su alta calidad. Transmite tranquilidad y relajaci\u00f3n, invitando a desconectar de la rutina diaria.<\/p>","protected":false},"excerpt":{"rendered":"<p>Estilo: Lager o American Adjunct Lager. Color: Pajizo, rubia, clara e inconfundible. Sabor: Distintivo, incomparable y original. Graduaci\u00f3n alcoh\u00f3lica (ABV): Aproximadamente 4.5% &#8211; 4.6%. Impresi\u00f3n general: Es una cerveza premium, cl\u00e1sica y aut\u00e9ntica, reconocida por su alta calidad. Transmite tranquilidad y relajaci\u00f3n, invitando a desconectar de la rutina diaria.<\/p>","protected":false},"featured_media":1769,"template":"","meta":{"_gspb_post_css":"","_joinchat":[]},"product_brand":[],"product_cat":[126],"product_tag":[],"class_list":{"0":"post-1766","1":"product","2":"type-product","3":"status-publish","4":"has-post-thumbnail","6":"product_cat-cerveza","8":"first","9":"onbackorder","10":"shipping-taxable","11":"purchasable","12":"product-type-simple"},"supplier_id":398,"supplier_sku":"","barcode":null,"atum_controlled":true,"out_stock_date":null,"out_stock_threshold":null,"inheritable":false,"inbound_stock":null,"stock_on_hold":0,"sold_today":0,"sales_last_days":0,"reserved_stock":null,"customer_returns":null,"warehouse_damage":null,"lost_in_post":null,"other_logs":null,"out_stock_days":0,"lost_sales":0,"has_location":null,"update_date":"2026-05-09T09:14:44","atum_locations":[],"atum_stock_status":"onbackorder","restock_status":false,"low_stock_amount":"","sales_update_date":"2026-05-09T09:14:44","calc_backorders":0,"_links":{"self":[{"href":"https:\/\/poke.com.ar\/en\/wp-json\/wp\/v2\/product\/1766","targetHints":{"allow":["GET"]}}],"collection":[{"href":"https:\/\/poke.com.ar\/en\/wp-json\/wp\/v2\/product"}],"about":[{"href":"https:\/\/poke.com.ar\/en\/wp-json\/wp\/v2\/types\/product"}],"wp:featuredmedia":[{"embeddable":true,"href":"https:\/\/poke.com.ar\/en\/wp-json\/wp\/v2\/media\/1769"}],"wp:attachment":[{"href":"https:\/\/poke.com.ar\/en\/wp-json\/wp\/v2\/media?parent=1766"}],"wp:term":[{"taxonomy":"product_brand","embeddable":true,"href":"https:\/\/poke.com.ar\/en\/wp-json\/wp\/v2\/product_brand?post=1766"},{"taxonomy":"product_cat","embeddable":true,"href":"https:\/\/poke.com.ar\/en\/wp-json\/wp\/v2\/product_cat?post=1766"},{"taxonomy":"product_tag","embeddable":true,"href":"https:\/\/poke.com.ar\/en\/wp-json\/wp\/v2\/product_tag?post=1766"}],"curies":[{"name":"wp","href":"https:\/\/api.w.org\/{rel}","templated":true}]}}