{"id":1763,"date":"2026-05-06T20:49:01","date_gmt":"2026-05-06T20:49:01","guid":{"rendered":"https:\/\/poke.com.arREMOTE_TARGET\/tienda\/salentein-reserva-malbec\/"},"modified":"2026-05-06T20:49:01","modified_gmt":"2026-05-06T20:49:01","slug":"salentein-reserva-malbec","status":"publish","type":"product","link":"https:\/\/poke.com.ar\/en\/product\/salentein-reserva-malbec\/","title":{"rendered":"Salentein Reserva Malbec"},"content":{"rendered":"<p>Vista: Presenta un color rojo intenso con tonos viol\u00e1ceos. Nariz: Se percibe fresco, intenso y complejo. Se destacan aromas a frutos rojos (grosellas y ar\u00e1ndanos) y frutos negros (zarzamora, ciruela y mora), que se combinan con notas florales de rosas y violetas. Tambi\u00e9n se aprecian toques de especias, vainilla y cacao, aportados por su crianza en roble. Boca: Es frutado, fresco, jugoso y vibrante, con una buena estructura. Posee taninos suaves y un final persistente y largo. En general, es equilibrado y de buen cuerpo. Composici\u00f3n varietal: 100% Malbec.<\/p>","protected":false},"excerpt":{"rendered":"<p>El vino Salentein Reserva Malbec es un exponente representativo de la cepa argentina proveniente del Valle de Uco, Mendoza. Se caracteriza por combinar la intensidad del Malbec con la elegancia que distingue a Bodegas Salentein.<\/p>","protected":false},"featured_media":1765,"template":"","meta":{"_gspb_post_css":"","_joinchat":[]},"product_brand":[],"product_cat":[125],"product_tag":[],"class_list":{"0":"post-1763","1":"product","2":"type-product","3":"status-publish","4":"has-post-thumbnail","6":"product_cat-salentein","8":"first","9":"onbackorder","10":"shipping-taxable","11":"purchasable","12":"product-type-simple"},"supplier_id":398,"supplier_sku":"","barcode":null,"atum_controlled":true,"out_stock_date":null,"out_stock_threshold":null,"inheritable":false,"inbound_stock":null,"stock_on_hold":0,"sold_today":0,"sales_last_days":0,"reserved_stock":null,"customer_returns":null,"warehouse_damage":null,"lost_in_post":null,"other_logs":null,"out_stock_days":0,"lost_sales":0,"has_location":null,"update_date":"2026-05-09T09:14:44","atum_locations":[],"atum_stock_status":"onbackorder","restock_status":false,"low_stock_amount":"","sales_update_date":"2026-05-09T09:14:44","calc_backorders":0,"_links":{"self":[{"href":"https:\/\/poke.com.ar\/en\/wp-json\/wp\/v2\/product\/1763","targetHints":{"allow":["GET"]}}],"collection":[{"href":"https:\/\/poke.com.ar\/en\/wp-json\/wp\/v2\/product"}],"about":[{"href":"https:\/\/poke.com.ar\/en\/wp-json\/wp\/v2\/types\/product"}],"wp:featuredmedia":[{"embeddable":true,"href":"https:\/\/poke.com.ar\/en\/wp-json\/wp\/v2\/media\/1765"}],"wp:attachment":[{"href":"https:\/\/poke.com.ar\/en\/wp-json\/wp\/v2\/media?parent=1763"}],"wp:term":[{"taxonomy":"product_brand","embeddable":true,"href":"https:\/\/poke.com.ar\/en\/wp-json\/wp\/v2\/product_brand?post=1763"},{"taxonomy":"product_cat","embeddable":true,"href":"https:\/\/poke.com.ar\/en\/wp-json\/wp\/v2\/product_cat?post=1763"},{"taxonomy":"product_tag","embeddable":true,"href":"https:\/\/poke.com.ar\/en\/wp-json\/wp\/v2\/product_tag?post=1763"}],"curies":[{"name":"wp","href":"https:\/\/api.w.org\/{rel}","templated":true}]}}