{"id":1757,"date":"2026-05-06T20:48:16","date_gmt":"2026-05-06T20:48:16","guid":{"rendered":"https:\/\/poke.com.arREMOTE_TARGET\/tienda\/rutini-cabernet-malbec\/"},"modified":"2026-05-06T20:48:16","modified_gmt":"2026-05-06T20:48:16","slug":"rutini-cabernet-malbec","status":"publish","type":"product","link":"https:\/\/poke.com.ar\/en\/product\/rutini-cabernet-malbec\/","title":{"rendered":"Rutini Cabernet Malbec"},"content":{"rendered":"<p>Color: Rojo rub\u00ed profundo, intenso y brillante. Aroma: Presenta una sinfon\u00eda de frutos rojos y negros maduros como cereza, mermelada, ciruela, mora y grosella negra. Se complementa con sutiles notas especiadas, toques de vainilla y chocolate (provenientes de su crianza en roble), cedro, tabaco y un matiz bals\u00e1mico. Boca: Es un vino complejo, intenso y bien estructurado, que resulta armonioso y equilibrado. Combina la fruta madura con ricas especias como vainilla y chocolate. Posee taninos suaves, dulces y aterciopelados. Se perciben frutos negros exuberantes, cacao y espresso. Es de cuerpo medio a completo, con una jugosidad maravillosa y un final largo y satisfactorio.<\/p>","protected":false},"excerpt":{"rendered":"<p>Este vino tinto, proveniente de la reconocida regi\u00f3n de Mendoza, Argentina, espec\u00edficamente del Valle de Uco, es una excepcional mezcla de 50% Cabernet Sauvignon y 50% Malbec. Bajo la experta gu\u00eda del en\u00f3logo Mariano Di Paola, este blend combina la estructura y profundidad del Cabernet Sauvignon con la frutosidad aterciopelada del Malbec, creando un perfil bien equilibrado y complejo. Algunas a\u00f1adas son envejecidas durante 12 meses, con un porcentaje madurando en barricas de roble franc\u00e9s, lo que contribuye a su car\u00e1cter redondo y equilibrado.<\/p>","protected":false},"featured_media":1759,"template":"","meta":{"_gspb_post_css":"","_joinchat":[]},"product_brand":[],"product_cat":[123],"product_tag":[],"class_list":{"0":"post-1757","1":"product","2":"type-product","3":"status-publish","4":"has-post-thumbnail","6":"product_cat-rutini-wines","8":"first","9":"onbackorder","10":"shipping-taxable","11":"purchasable","12":"product-type-simple"},"supplier_id":398,"supplier_sku":"","barcode":null,"atum_controlled":true,"out_stock_date":null,"out_stock_threshold":null,"inheritable":false,"inbound_stock":null,"stock_on_hold":0,"sold_today":0,"sales_last_days":0,"reserved_stock":null,"customer_returns":null,"warehouse_damage":null,"lost_in_post":null,"other_logs":null,"out_stock_days":0,"lost_sales":0,"has_location":null,"update_date":"2026-05-09T09:14:44","atum_locations":[],"atum_stock_status":"onbackorder","restock_status":false,"low_stock_amount":"","sales_update_date":"2026-05-09T09:14:44","calc_backorders":0,"_links":{"self":[{"href":"https:\/\/poke.com.ar\/en\/wp-json\/wp\/v2\/product\/1757","targetHints":{"allow":["GET"]}}],"collection":[{"href":"https:\/\/poke.com.ar\/en\/wp-json\/wp\/v2\/product"}],"about":[{"href":"https:\/\/poke.com.ar\/en\/wp-json\/wp\/v2\/types\/product"}],"wp:featuredmedia":[{"embeddable":true,"href":"https:\/\/poke.com.ar\/en\/wp-json\/wp\/v2\/media\/1759"}],"wp:attachment":[{"href":"https:\/\/poke.com.ar\/en\/wp-json\/wp\/v2\/media?parent=1757"}],"wp:term":[{"taxonomy":"product_brand","embeddable":true,"href":"https:\/\/poke.com.ar\/en\/wp-json\/wp\/v2\/product_brand?post=1757"},{"taxonomy":"product_cat","embeddable":true,"href":"https:\/\/poke.com.ar\/en\/wp-json\/wp\/v2\/product_cat?post=1757"},{"taxonomy":"product_tag","embeddable":true,"href":"https:\/\/poke.com.ar\/en\/wp-json\/wp\/v2\/product_tag?post=1757"}],"curies":[{"name":"wp","href":"https:\/\/api.w.org\/{rel}","templated":true}]}}