{"id":1746,"date":"2026-05-06T20:46:58","date_gmt":"2026-05-06T20:46:58","guid":{"rendered":"https:\/\/poke.com.arREMOTE_TARGET\/tienda\/alma-mora-malbec\/"},"modified":"2026-05-06T20:46:58","modified_gmt":"2026-05-06T20:46:58","slug":"alma-mora-malbec","status":"publish","type":"product","link":"https:\/\/poke.com.ar\/en\/product\/alma-mora-malbec\/","title":{"rendered":"Alma Mora Malbec"},"content":{"rendered":"<p>Color rojo intenso con matices granates. Aromas a ciruelas y frutos rojos maduros, con toques de vainilla, violetas y roble. En boca es carnoso, de cuerpo completo y equilibrado, con taninos redondos y un final persistente. Se perciben notas de frutas negras, cereza y un delicado toque especiado.<\/p>","protected":false},"excerpt":{"rendered":"<p>El Alma Mora Malbec de Finca Las Moras es un vino tinto vibrante y generoso, elaborado con uvas 100% Malbec de vi\u00f1edos cultivados de forma sostenible en San Juan, Argentina. Este Malbec busca capturar el sabor v\u00edvido y afrutado de los vinos f\u00e1ciles de beber de la regi\u00f3n. Las uvas son cosechadas a mano y fermentadas en acero inoxidable, resultando en un vino bien equilibrado y nunca excesivo.<\/p>","protected":false},"featured_media":1749,"template":"","meta":{"_gspb_post_css":"","_joinchat":[]},"product_brand":[],"product_cat":[124],"product_tag":[],"class_list":{"0":"post-1746","1":"product","2":"type-product","3":"status-publish","4":"has-post-thumbnail","6":"product_cat-finca-las-moras","8":"first","9":"onbackorder","10":"shipping-taxable","11":"purchasable","12":"product-type-simple"},"supplier_id":398,"supplier_sku":"","barcode":null,"atum_controlled":true,"out_stock_date":null,"out_stock_threshold":null,"inheritable":false,"inbound_stock":null,"stock_on_hold":0,"sold_today":0,"sales_last_days":0,"reserved_stock":null,"customer_returns":null,"warehouse_damage":null,"lost_in_post":null,"other_logs":null,"out_stock_days":0,"lost_sales":0,"has_location":null,"update_date":"2026-05-09T09:14:44","atum_locations":[],"atum_stock_status":"onbackorder","restock_status":false,"low_stock_amount":"","sales_update_date":"2026-05-09T09:14:44","calc_backorders":0,"_links":{"self":[{"href":"https:\/\/poke.com.ar\/en\/wp-json\/wp\/v2\/product\/1746","targetHints":{"allow":["GET"]}}],"collection":[{"href":"https:\/\/poke.com.ar\/en\/wp-json\/wp\/v2\/product"}],"about":[{"href":"https:\/\/poke.com.ar\/en\/wp-json\/wp\/v2\/types\/product"}],"wp:featuredmedia":[{"embeddable":true,"href":"https:\/\/poke.com.ar\/en\/wp-json\/wp\/v2\/media\/1749"}],"wp:attachment":[{"href":"https:\/\/poke.com.ar\/en\/wp-json\/wp\/v2\/media?parent=1746"}],"wp:term":[{"taxonomy":"product_brand","embeddable":true,"href":"https:\/\/poke.com.ar\/en\/wp-json\/wp\/v2\/product_brand?post=1746"},{"taxonomy":"product_cat","embeddable":true,"href":"https:\/\/poke.com.ar\/en\/wp-json\/wp\/v2\/product_cat?post=1746"},{"taxonomy":"product_tag","embeddable":true,"href":"https:\/\/poke.com.ar\/en\/wp-json\/wp\/v2\/product_tag?post=1746"}],"curies":[{"name":"wp","href":"https:\/\/api.w.org\/{rel}","templated":true}]}}