{"id":1734,"date":"2026-05-06T20:45:25","date_gmt":"2026-05-06T20:45:25","guid":{"rendered":"https:\/\/poke.com.arREMOTE_TARGET\/tienda\/trumpeter-sauvignon-blanc\/"},"modified":"2026-05-06T20:45:25","modified_gmt":"2026-05-06T20:45:25","slug":"trumpeter-sauvignon-blanc","status":"publish","type":"product","link":"https:\/\/poke.com.ar\/en\/product\/trumpeter-sauvignon-blanc\/","title":{"rendered":"Trumpeter Sauvignon Blanc"},"content":{"rendered":"<p>Presenta un color amarillo p\u00e1lido con reflejos verdosos o acerados. Ofrece intensos aromas frutales de car\u00e1cter c\u00edtrico, como pomelo y lim\u00f3n, mezclados con notas frescas de hierbas y pasto reci\u00e9n cortado. Es un vino ligero y refrescante, con una acidez vivaz. Confirma los sabores c\u00edtricos y herb\u00e1ceos percibidos en nariz, y presenta un final largo y agradable.<\/p>","protected":false},"excerpt":{"rendered":"<p>El vino Trumpeter Sauvignon Blanc de la bodega Rutini Wines es un vino blanco argentino, fresco y elegante, elaborado 100% con uvas Sauvignon Blanc del Valle de Uco, en Mendoza.<\/p>","protected":false},"featured_media":1736,"template":"","meta":{"_gspb_post_css":"","_joinchat":[]},"product_brand":[],"product_cat":[123],"product_tag":[],"class_list":{"0":"post-1734","1":"product","2":"type-product","3":"status-publish","4":"has-post-thumbnail","6":"product_cat-rutini-wines","8":"first","9":"onbackorder","10":"shipping-taxable","11":"purchasable","12":"product-type-simple"},"supplier_id":398,"supplier_sku":"","barcode":null,"atum_controlled":true,"out_stock_date":null,"out_stock_threshold":null,"inheritable":false,"inbound_stock":null,"stock_on_hold":0,"sold_today":0,"sales_last_days":0,"reserved_stock":null,"customer_returns":null,"warehouse_damage":null,"lost_in_post":null,"other_logs":null,"out_stock_days":0,"lost_sales":0,"has_location":null,"update_date":"2026-05-09T09:14:44","atum_locations":[],"atum_stock_status":"onbackorder","restock_status":false,"low_stock_amount":"","sales_update_date":"2026-05-09T09:14:44","calc_backorders":0,"_links":{"self":[{"href":"https:\/\/poke.com.ar\/en\/wp-json\/wp\/v2\/product\/1734","targetHints":{"allow":["GET"]}}],"collection":[{"href":"https:\/\/poke.com.ar\/en\/wp-json\/wp\/v2\/product"}],"about":[{"href":"https:\/\/poke.com.ar\/en\/wp-json\/wp\/v2\/types\/product"}],"wp:featuredmedia":[{"embeddable":true,"href":"https:\/\/poke.com.ar\/en\/wp-json\/wp\/v2\/media\/1736"}],"wp:attachment":[{"href":"https:\/\/poke.com.ar\/en\/wp-json\/wp\/v2\/media?parent=1734"}],"wp:term":[{"taxonomy":"product_brand","embeddable":true,"href":"https:\/\/poke.com.ar\/en\/wp-json\/wp\/v2\/product_brand?post=1734"},{"taxonomy":"product_cat","embeddable":true,"href":"https:\/\/poke.com.ar\/en\/wp-json\/wp\/v2\/product_cat?post=1734"},{"taxonomy":"product_tag","embeddable":true,"href":"https:\/\/poke.com.ar\/en\/wp-json\/wp\/v2\/product_tag?post=1734"}],"curies":[{"name":"wp","href":"https:\/\/api.w.org\/{rel}","templated":true}]}}