{"id":1708,"date":"2026-05-06T20:32:12","date_gmt":"2026-05-06T20:32:12","guid":{"rendered":"https:\/\/poke.com.arREMOTE_TARGET\/tienda\/nicasia-malbec\/"},"modified":"2026-05-06T20:44:19","modified_gmt":"2026-05-06T20:44:19","slug":"nicasia-malbec","status":"publish","type":"product","link":"https:\/\/poke.com.ar\/en\/product\/nicasia-malbec\/","title":{"rendered":"Nicasia Malbec"},"content":{"rendered":"<p>Se perciben en este vino intensos y dulces sabores a ciruelas y moras maduras aportados por el Malbec, junto a sutiles notas especiadas conferidos por el Cabernet Sauvignon y el Petit Verdot. El paso por roble incrementa a\u00fan m\u00e1s la complejidad de este vino, otorgando ligeras notas de vanilla y caf\u00e9. La particular voluptuosidad y dulzor de este vino permiten acompa\u00f1arlo con carr\u00e9 de cerdo a la miel, tagine de cordero y ciruelas o lomo a la naranja.<\/p>","protected":false},"excerpt":{"rendered":"<p>El Nicasia Vineyards Red Blend Malbec es un vino tinto de la bodega Catena Zapata, elaborado principalmente con uvas Malbec del vi\u00f1edo Nicasia, junto a un peque\u00f1o porcentaje de Cabernet Sauvignon y Petit Verdot. Es conocido por ser un vino elegante, de gran complejidad y una textura sedosa. (Varietal: 90% Malbec, 6% Cabernet Sauvignon, 4% Petit Verdot)<\/p>","protected":false},"featured_media":1710,"template":"","meta":{"_gspb_post_css":"","_joinchat":[]},"product_brand":[],"product_cat":[118],"product_tag":[],"class_list":{"0":"post-1708","1":"product","2":"type-product","3":"status-publish","4":"has-post-thumbnail","6":"product_cat-catena-zapata","8":"first","9":"onbackorder","10":"shipping-taxable","11":"purchasable","12":"product-type-simple"},"supplier_id":398,"supplier_sku":"","barcode":null,"atum_controlled":true,"out_stock_date":null,"out_stock_threshold":null,"inheritable":false,"inbound_stock":0,"stock_on_hold":0,"sold_today":0,"sales_last_days":0,"reserved_stock":0,"customer_returns":0,"warehouse_damage":0,"lost_in_post":0,"other_logs":0,"out_stock_days":0,"lost_sales":0,"has_location":false,"update_date":"2026-05-09T09:14:46","atum_locations":[],"atum_stock_status":"onbackorder","restock_status":false,"low_stock_amount":"","sales_update_date":"2026-05-09T09:14:46","calc_backorders":0,"_links":{"self":[{"href":"https:\/\/poke.com.ar\/en\/wp-json\/wp\/v2\/product\/1708","targetHints":{"allow":["GET"]}}],"collection":[{"href":"https:\/\/poke.com.ar\/en\/wp-json\/wp\/v2\/product"}],"about":[{"href":"https:\/\/poke.com.ar\/en\/wp-json\/wp\/v2\/types\/product"}],"wp:featuredmedia":[{"embeddable":true,"href":"https:\/\/poke.com.ar\/en\/wp-json\/wp\/v2\/media\/1710"}],"wp:attachment":[{"href":"https:\/\/poke.com.ar\/en\/wp-json\/wp\/v2\/media?parent=1708"}],"wp:term":[{"taxonomy":"product_brand","embeddable":true,"href":"https:\/\/poke.com.ar\/en\/wp-json\/wp\/v2\/product_brand?post=1708"},{"taxonomy":"product_cat","embeddable":true,"href":"https:\/\/poke.com.ar\/en\/wp-json\/wp\/v2\/product_cat?post=1708"},{"taxonomy":"product_tag","embeddable":true,"href":"https:\/\/poke.com.ar\/en\/wp-json\/wp\/v2\/product_tag?post=1708"}],"curies":[{"name":"wp","href":"https:\/\/api.w.org\/{rel}","templated":true}]}}